{"id":1009,"date":"2022-10-03T10:54:15","date_gmt":"2022-10-03T10:54:15","guid":{"rendered":"https:\/\/altguide.com\/?page_id=1009"},"modified":"2022-10-03T20:07:13","modified_gmt":"2022-10-03T20:07:13","slug":"juego-responsable","status":"publish","type":"page","link":"https:\/\/altguide.com\/es\/juego-responsable\/","title":{"rendered":"Juego responsable"},"content":{"rendered":"\n<p>Esta rese\u00f1a del <a href=\"https:\/\/altguide.com\/es\/\" data-type=\"page\" data-id=\"301\">Casino LeoVegas<\/a> se adhiere a los Principios de Juego Responsable; nos comprometemos a proporcionarle un entorno de juego que cumpla con estos principios. Animamos a todos nuestros jugadores a utilizar nuestros servicios de forma responsable.<\/p>\n\n\n\n<p>Jugar con m\u00e1s dinero del que puede permitirse perder, o dedicar m\u00e1s tiempo del que pretende, puede acarrear problemas. Jugar de forma responsable y segura puede ayudar a prevenir estos problemas. A continuaci\u00f3n le explicamos en detalle qu\u00e9 es el juego responsable, qu\u00e9 implica y c\u00f3mo puede obtener ayuda.<\/p>\n\n\n\n<h2>\u00bfQu\u00e9 es la adicci\u00f3n al juego?<\/h2>\n\n\n\n<p>Nuestro objetivo es contarle una experiencia de juego divertida, agradable y segura. Sin embargo, incluso la experiencia m\u00e1s agradable puede convertirse en una adicci\u00f3n si no se le pone freno. El trastorno de juego (ludopat\u00eda) define un comportamiento que provoca un deterioro funcional. La adicci\u00f3n al juego es una adicci\u00f3n que afecta tanto al individuo como a la sociedad. Adem\u00e1s de causar graves p\u00e9rdidas econ\u00f3micas, tambi\u00e9n destruye familias.<\/p>\n\n\n\n<p>La adicci\u00f3n al juego como diagn\u00f3stico cl\u00ednico se describi\u00f3 por primera vez en 1980. No todos los jugadores desarrollan una adicci\u00f3n. Algunos apuestan por pura diversi\u00f3n, como actividad social, y pueden ser autosuficientes. El juego problem\u00e1tico se define como el juego con una frecuencia creciente y apuestas m\u00e1s altas a pesar de las consecuencias perjudiciales. En la adicci\u00f3n al juego, los jugadores atribuyen las victorias a sus habilidades especiales y culpan de las p\u00e9rdidas a la mala suerte. Adem\u00e1s, tanto si ganan como si pierden, siguen apostando.<\/p>\n\n\n\n<p>El t\u00e9rmino \u00abjuego\u00bb no s\u00f3lo se refiere a los juegos realizados en los casinos. Este grupo tambi\u00e9n incluye las carreras de caballos, los juegos de azar o los juegos de cartas que se juegan en las apuestas. Cuanto antes se empiece a practicar este tipo de actividad, mayor ser\u00e1 el riesgo de desarrollar una adicci\u00f3n. Dado que la adicci\u00f3n al juego no se manifiesta con ning\u00fan s\u00edntoma f\u00edsico, se necesita tiempo para diagnosticarla correctamente.<\/p>\n\n\n\n<p>Todo comienza cuando una persona gana mucho. Despu\u00e9s de esta victoria, el jugador sue\u00f1a constantemente con grandes ganancias y su confianza en s\u00ed mismo aumenta. Cuando no se consigue la victoria imaginaria, la persona no tolera la p\u00e9rdida y sigue jugando para conseguir m\u00e1s dinero. Es posible que venda todos sus activos para encontrar dinero en esta fase de p\u00e9rdida y\/o que pierda el control por completo. Los problemas en el trabajo y en la familia aumentar\u00e1n e incluso puede cometer actividades ilegales. En la fase final uno se da cuenta de que las p\u00e9rdidas no se pueden recuperar nunca. En esta etapa, surgen otros problemas y da\u00f1os asociados al juego, como el divorcio y el consumo de alcohol.<\/p>\n\n\n\n<h2>\u00bfC\u00f3mo se pueden evitar los da\u00f1os asociados al juego?<\/h2>\n\n\n\n<p>He aqu\u00ed algunos consejos para que el juego sea m\u00e1s seguro:<\/p>\n\n\n\n<ul><li>Recuerda que el juego no es una forma de ganar dinero.<\/li><li>No apueste con dinero que no pueda permitirse perder.<\/li><li>Si est\u00e1s de mal humor, no apuestes. Adem\u00e1s, no apueste en estado de embriaguez.<\/li><li>No dejes que el juego se convierta en tu \u00fanica afici\u00f3n.<\/li><li>No intente ganar m\u00e1s utilizando estrategias en los juegos de casino. Casi todas estas estrategias le har\u00e1n perder m\u00e1s a largo plazo.<\/li><\/ul>\n\n\n\n<p>Hay varias herramientas de juego responsable que puede utilizar para controlar sus h\u00e1bitos de juego y apuestas en l\u00ednea. Estas herramientas de juego responsable pueden ayudarle a establecer l\u00edmites, a tomarse un descanso y\/o a alejarse del sitio si es necesario.<\/p>\n\n\n\n<p>El primer paso para apostar con seguridad es saber cu\u00e1nto puede gastar y cu\u00e1nto puede permitirse perder. Establecer l\u00edmites en ambas \u00e1reas te ayudar\u00e1 a mantener el control. As\u00ed que primero establece tus l\u00edmites de dep\u00f3sito, apuesta y p\u00e9rdida. Por lo general, puede establecer l\u00edmites diarios (actualizados cada 24 horas), semanales o mensuales para cada uno de estos par\u00e1metros.<\/p>\n\n\n\n<p>Tambi\u00e9n puede ser \u00fatil para planificar tu tiempo de juego y llevar un control del tiempo que pasas en el sitio. Para ayudarle, la mayor\u00eda de los operadores ofrecen herramientas de recordatorio de juego real que aparecen regularmente para controlar el tiempo que se pasa en el sitio.<\/p>\n\n\n\n<p>Si crees que necesitas un descanso, puedes solicitarlo a tu operador. Su cuenta se bloquear\u00e1 temporalmente mientras dure su solicitud. Al final del periodo de gracia, su cuenta se desactivar\u00e1 autom\u00e1ticamente.<\/p>\n\n\n\n<h2>Proteger a los menores de los juegos de azar<\/h2>\n\n\n\n<blockquote class=\"wp-block-quote\"><p>Nos adherimos a una pol\u00edtica que proh\u00edbe a los menores de 18 a\u00f1os apostar.<\/p><\/blockquote>\n\n\n\n<p>Nos comprometemos a garantizar que todos los jugadores de nuestro sitio sean mayores de edad. Adem\u00e1s de estos esfuerzos, destacamos que tambi\u00e9n es responsabilidad de los padres asegurarse de que los menores no jueguen y animamos a todos los padres a tomar las medidas necesarias para proteger a los menores del juego.<\/p>\n\n\n\n<ul><li>Puede utilizar software de bloqueo de juegos de azar y varias herramientas de juego como NetNanny, GamBlock y GamBan para evitar que los ni\u00f1os a su cargo accedan a sitios web no deseados.<\/li><li>No deje a los ni\u00f1os sin supervisi\u00f3n delante de un ordenador u otro dispositivo que puedan utilizar para acceder a sitios de casinos.<\/li><li>Proteja el nombre de usuario y la contrase\u00f1a de su cuenta en los sitios de casino en l\u00ednea. No utilice la opci\u00f3n de \u00abguardar la contrase\u00f1a\u00bb cuando acceda a los sitios de casino y cierre siempre la sesi\u00f3n cuando haya terminado de jugar.<\/li><li>Mantenga sus tarjetas de cr\u00e9dito y\/o d\u00e9bito fuera del alcance de los menores y no les d\u00e9 sus datos bancarios.<\/li><\/ul>\n\n\n\n<h2>\u00bfC\u00f3mo puedo deshacerme de la adicci\u00f3n al juego?<\/h2>\n\n\n\n<p>En los estudios realizados sobre el tratamiento de la adicci\u00f3n al juego, se ha observado que la terapia farmacol\u00f3gica es parcialmente eficaz. En presencia de trastornos psiqui\u00e1tricos adicionales, la eficacia del tratamiento farmacol\u00f3gico aumenta. La terapia cognitivo-conductual, la entrevista motivacional y los grupos de autoayuda (por ejemplo, Jugadores An\u00f3nimos) han demostrado ser especialmente eficaces entre los m\u00e9todos de psicoterapia. Adem\u00e1s, el acceso limitado a los recursos financieros (cancelaci\u00f3n de las tarjetas de cr\u00e9dito, falta de efectivo, etc.) puede disuadir a la gente de seguir jugando. Adem\u00e1s, recibir ayuda de grupos como Jugadores An\u00f3nimos y participar en una terapia de grupo puede ayudar a jugar de forma m\u00e1s segura.<\/p>\n\n\n\n<h2>Software de bloqueo de juegos de azar<\/h2>\n\n\n\n<p>Hay muchas herramientas de juego que pueden utilizarse tanto para prevenir el juego de menores como para proporcionar una experiencia de juego m\u00e1s segura. La m\u00e1s eficaz de estas herramientas es el software de bloqueo de juegos de azar. Este software puede utilizarse para reducir los da\u00f1os asociados al juego y\/o bloquear completamente el acceso a determinados sitios web.<\/p>\n\n\n\n<p>Este es probablemente el m\u00e1s importante de todos los consejos para apostar con seguridad. Si le preocupa que sus hijos visiten sitios de casinos, utilice herramientas que puedan bloquearlos. Existen programas de bloqueo de juegos de azar que pueden utilizarse de forma gratuita. Los m\u00e1s populares son <strong>GamBan, GamBlock, BetFILter, BetBlocker y NetNanny<\/strong>.<\/p>\n","protected":false},"excerpt":{"rendered":"<p>Esta rese\u00f1a del Casino LeoVegas se adhiere a los Principios de Juego Responsable; nos comprometemos a proporcionarle un entorno de juego que cumpla con estos principios. Animamos a todos nuestros jugadores a utilizar nuestros servicios de forma responsable. Jugar con m\u00e1s dinero del que puede permitirse perder, o dedicar m\u00e1s tiempo del que pretende, puede &hellip;<\/p>\n","protected":false},"author":1,"featured_media":0,"parent":0,"menu_order":0,"comment_status":"closed","ping_status":"closed","template":"","meta":{"inline_featured_image":false},"amp_enabled":true,"_links":{"self":[{"href":"https:\/\/altguide.com\/es\/wp-json\/wp\/v2\/pages\/1009"}],"collection":[{"href":"https:\/\/altguide.com\/es\/wp-json\/wp\/v2\/pages"}],"about":[{"href":"https:\/\/altguide.com\/es\/wp-json\/wp\/v2\/types\/page"}],"author":[{"embeddable":true,"href":"https:\/\/altguide.com\/es\/wp-json\/wp\/v2\/users\/1"}],"replies":[{"embeddable":true,"href":"https:\/\/altguide.com\/es\/wp-json\/wp\/v2\/comments?post=1009"}],"version-history":[{"count":1,"href":"https:\/\/altguide.com\/es\/wp-json\/wp\/v2\/pages\/1009\/revisions"}],"predecessor-version":[{"id":1010,"href":"https:\/\/altguide.com\/es\/wp-json\/wp\/v2\/pages\/1009\/revisions\/1010"}],"wp:attachment":[{"href":"https:\/\/altguide.com\/es\/wp-json\/wp\/v2\/media?parent=1009"}],"curies":[{"name":"wp","href":"https:\/\/api.w.org\/{rel}","templated":true}]}}