{"id":291,"date":"2022-05-05T21:14:22","date_gmt":"2022-05-05T21:14:22","guid":{"rendered":"https:\/\/altguide.com\/descarga-gratuita-de-la-aplicacion-leovegas\/"},"modified":"2022-05-06T11:51:15","modified_gmt":"2022-05-06T11:51:15","slug":"descarga-gratuita-de-la-aplicacion-leovegas","status":"publish","type":"page","link":"https:\/\/altguide.com\/es\/descarga-gratuita-de-la-aplicacion-leovegas\/","title":{"rendered":"Descarga gratuita de la aplicaci\u00f3n LeoVegas"},"content":{"rendered":"\n<h2>Aplicaci\u00f3n LeoVegas: Introducci\u00f3n<\/h2>\n\n<p>LeoVegas es una popular casa de apuestas en l\u00ednea conocida en todo el mundo. El sitio web oficial est\u00e1 disponible en muchos idiomas diferentes, para que cualquier usuario que lo visite se sienta c\u00f3modo usando la plataforma. Est\u00e1 disponible en ingl\u00e9s, italiano, espa\u00f1ol, alem\u00e1n, noruego y muchos otros idiomas.<\/p>\n\n<p>Sin embargo, la variedad ling\u00fc\u00edstica no es la \u00fanica caracter\u00edstica que la casa de apuestas puede ofrecer para que el sitio web sea m\u00e1s accesible para sus clientes. Lo que hace que sea m\u00e1s f\u00e1cil para cualquiera visitar el mundo de los juegos de azar que <a href=\"https:\/\/altguide.com\/es\/\" data-type=\"page\" data-id=\"6\">ofrece LeoVegas<\/a> es una aplicaci\u00f3n m\u00f3vil.<\/p>\n\n<div class=\"wp-block-image\"><figure class=\"aligncenter size-full\"><img loading=\"lazy\" width=\"904\" height=\"494\" src=\"http:\/\/altguide.com\/wp-content\/uploads\/2022\/05\/leovegas-mobile-for-android.png\" alt=\"Aplicaci&#xF3;n para Android del casino LeoVegas\" class=\"wp-image-260\" srcset=\"https:\/\/altguide.com\/wp-content\/uploads\/2022\/05\/leovegas-mobile-for-android.png 904w, https:\/\/altguide.com\/wp-content\/uploads\/2022\/05\/leovegas-mobile-for-android-300x164.png 300w, https:\/\/altguide.com\/wp-content\/uploads\/2022\/05\/leovegas-mobile-for-android-768x420.png 768w\" sizes=\"(max-width: 904px) 100vw, 904px\" title=\"\"><figcaption>Aplicaci\u00f3n LeoVegas para Android<\/figcaption><\/figure><\/div>\n\n<p>La aplicaci\u00f3n es una gran soluci\u00f3n tanto para los desarrolladores de sitios como para los jugadores cuando se trata de mejorar la accesibilidad del sitio. Tambi\u00e9n muestra que la empresa se preocupa por sus usuarios y quiere que su experiencia de uso de la plataforma sea lo m\u00e1s agradable posible.<\/p>\n\n<h2>Caracter\u00edsticas de la aplicaci\u00f3n<\/h2>\n\n<p>Muchas casas de apuestas modernas pueden presumir de tener una aplicaci\u00f3n m\u00f3vil, realmente no sorprende a nadie hoy en d\u00eda. Sin embargo, lo sorprendente de la aplicaci\u00f3n LeoVegas es que se ha convertido en ganadora del premio \u00abMejor aplicaci\u00f3n nativa\u00bb de EGR Marketing and Innovation. Lo revisamos y realmente tiene algunas caracter\u00edsticas que merecen su atenci\u00f3n. Veamos cu\u00e1les son.<\/p>\n\n<h3>Compatibilidad<\/h3>\n\n<div class=\"wp-block-media-text alignwide has-media-on-the-right is-stacked-on-mobile\" style=\"grid-template-columns:auto 33%\"><figure class=\"wp-block-media-text__media\"><img loading=\"lazy\" width=\"637\" height=\"1024\" src=\"https:\/\/altguide.com\/wp-content\/uploads\/2022\/05\/photo_2022-05-06-00.33.45-637x1024.jpeg\" alt=\"Aplicaci\u00f3n m\u00f3vil LeoVegas\n\n\" class=\"wp-image-284 size-full\" srcset=\"https:\/\/altguide.com\/wp-content\/uploads\/2022\/05\/photo_2022-05-06-00.33.45-637x1024.jpeg 637w, https:\/\/altguide.com\/wp-content\/uploads\/2022\/05\/photo_2022-05-06-00.33.45-187x300.jpeg 187w, https:\/\/altguide.com\/wp-content\/uploads\/2022\/05\/photo_2022-05-06-00.33.45-768x1235.jpeg 768w, https:\/\/altguide.com\/wp-content\/uploads\/2022\/05\/photo_2022-05-06-00.33.45.jpeg 796w\" sizes=\"(max-width: 637px) 100vw, 637px\" title=\"\"><\/figure><div class=\"wp-block-media-text__content\">\n<p>La aplicaci\u00f3n LeoVegas es compatible con la gran mayor\u00eda de los dispositivos modernos, especialmente cuando se trata de dispositivos con software iOS o Android. Funciona en todo tipo de dispositivos, as\u00ed que no importa si prefieres usar un tel\u00e9fono m\u00f3vil o una tableta, la aplicaci\u00f3n se cargar\u00e1.<\/p>\n\n\n\n<p>Adem\u00e1s, no tienes que seguir enlaces enga\u00f1osos o descargar archivos desconocidos en alguna parte, porque puedes encontrar f\u00e1cilmente la aplicaci\u00f3n oficial de LeoVegas en AppStore y Google Play Store. Dichos mercados son conocidos por la calidad de las aplicaciones que brindan, porque todo se escudri\u00f1a cuando un desarrollador aplica el dise\u00f1o a las empresas. Por lo tanto, no tienes que preocuparte por la seguridad o la legitimidad de esta aplicaci\u00f3n, y puedes comenzar a disfrutar del juego tan pronto como se complete la descarga.<\/p>\n<\/div><\/div>\n\n<h3>Entretenimiento<\/h3>\n\n<p>Las formas de entretenimiento que ofrece la aplicaci\u00f3n son muchas. Tiene todas las principales opciones de entretenimiento disponibles para los jugadores en la versi\u00f3n completa del sitio oficial. Los clientes de LeoVegas pueden jugar juegos de casino y realizar apuestas directamente en la aplicaci\u00f3n. Es tan f\u00e1cil como la versi\u00f3n de escritorio y todo funciona sin errores ni retrasos.<br\/>Puedes realizar apuestas deportivas de f\u00fatbol, tenis, rugby, cricket, etc. Y lo que es m\u00e1s, puede elegir si desea hacer apuestas previas al partido, apuestas en vivo o todas a la vez. La casa de apuestas te da la libertad de decidir por ti mismo, sin poner restricciones.<\/p>\n\n<p>Sin embargo, lo que hace que LeoVegas sea tan popular como lo es hoy en d\u00eda es su enorme selecci\u00f3n de varios juegos de casino, como la ruleta, las conocidas m\u00e1quinas tragamonedas, juegos de cartas de todo tipo y mucho m\u00e1s. Hay literalmente m\u00e1s de 2000 juegos diferentes, y cada uno de ellos tiene un gran dise\u00f1o y una jugabilidad emocionante. Y todos estos juegos ya est\u00e1n disponibles en la aplicaci\u00f3n LeoVegas. \u00bfTe imaginas que cada una de estas incre\u00edbles aventuras pueda tener lugar directamente en tu tel\u00e9fono o tableta en cualquier momento y en cualquier lugar? Bueno, tendr\u00e1s que hacerlo, porque es verdad.<\/p>\n\n<p>Debe dar permiso a su tel\u00e9fono inteligente para descargar programas de fuentes desconocidas:<\/p>\n\n<blockquote class=\"wp-block-quote\"><p><strong>Men\u00fa&gt; Ajustes&gt; La seguridad&gt; Or\u00edgenes desconocidos<\/strong><\/p><\/blockquote>\n\n<p>Y ahora lo haremos a\u00fan m\u00e1s grande y le diremos que tambi\u00e9n hay una secci\u00f3n especial de juegos de casino en vivo que tambi\u00e9n se ofrece en la aplicaci\u00f3n. Puede encenderlo en su dispositivo favorito e inmediatamente encontrarse en el lobby de un casino que conduce a la sala llena del tintineo del dinero, los susurros silenciosos de los jugadores alrededor de la mesa de ruleta y la atm\u00f3sfera general de emoci\u00f3n absoluta. Participa ahora y te prometemos que te divertir\u00e1s.<\/p>\n\n<div class=\"wp-block-image\"><figure class=\"aligncenter size-large is-resized\"><img loading=\"lazy\" src=\"http:\/\/altguide.com\/wp-content\/uploads\/2022\/05\/photo_2022-05-06-00.33.46-717x1024.jpeg\" alt=\"Inicie sesi&#xF3;n en su cuenta a trav&#xE9;s de la aplicaci&#xF3;n m&#xF3;vil\" class=\"wp-image-287\" width=\"407\" height=\"582\" srcset=\"https:\/\/altguide.com\/wp-content\/uploads\/2022\/05\/photo_2022-05-06-00.33.46-717x1024.jpeg 717w, https:\/\/altguide.com\/wp-content\/uploads\/2022\/05\/photo_2022-05-06-00.33.46-210x300.jpeg 210w, https:\/\/altguide.com\/wp-content\/uploads\/2022\/05\/photo_2022-05-06-00.33.46-768x1097.jpeg 768w, https:\/\/altguide.com\/wp-content\/uploads\/2022\/05\/photo_2022-05-06-00.33.46.jpeg 828w\" sizes=\"(max-width: 407px) 100vw, 407px\" title=\"\"><figcaption>Inicie sesi\u00f3n en su cuenta a trav\u00e9s de la aplicaci\u00f3n m\u00f3vil<\/figcaption><\/figure><\/div>\n\n<h2>Version m\u00f3vil<\/h2>\n\n<p>En caso de que no tenga suficiente espacio de almacenamiento en su dispositivo o si hay otras razones por las que no puede descargar la aplicaci\u00f3n LeoVegas en este momento, no se preocupe, a\u00fan puede unirse al juego. Est\u00e1 f\u00e1cilmente disponible a trav\u00e9s de la versi\u00f3n m\u00f3vil del sitio web al que se puede acceder con un navegador como Safari o Chrome. Puede hacer esto en cualquier dispositivo que se ejecute en el sistema iOS, Android o Windows.<\/p>\n\n<p>Para ello, abra su navegador, escriba www leovegas com y cargue el sitio web. Aqu\u00ed tambi\u00e9n podr\u00e1s realizar apuestas y disfrutar de juegos de casino de cualquier tipo. La plataforma tiene una versi\u00f3n m\u00f3vil grande y bien dise\u00f1ada. Sin embargo, a\u00fan sugerimos revisar la aplicaci\u00f3n m\u00f3vil, ya que es m\u00e1s f\u00e1cil, m\u00e1s conveniente y m\u00e1s f\u00e1cil de usar.<\/p>\n\n<h2>Impresi\u00f3n general de la aplicaci\u00f3n LeoVegas<\/h2>\n\n<p>Tan pronto como abres la aplicaci\u00f3n, te recibe una interfaz atractiva y colorida que te invita de inmediato a unirte a la comunidad y comenzar el juego. Las diversiones son innumerables y necesitar\u00e1s mucho tiempo para ver al menos la mitad de ellas. Hay tanto juegos cl\u00e1sicos como nuevos, por lo que seguramente encontrar\u00e1s algo de tu agrado.<\/p>\n\n<p>Hemos analizado las rese\u00f1as y los comentarios de otros jugadores y, aunque algunos de ellos han informado a los jugadores sobre errores raros, la mayor\u00eda parece satisfecha con la aplicaci\u00f3n LeoVegas. Puede leer los comentarios usted mismo, est\u00e1n disponibles en l\u00ednea.<\/p>\n\n<p>Aparte de eso, es genial lo incre\u00edblemente f\u00e1cil que es descargar la aplicaci\u00f3n LeoVegas: simplemente vaya al mercado de aplicaciones de su tel\u00e9fono y escriba LeoVegas para ver el familiar \u00edcono amigable. Aqu\u00ed tambi\u00e9n hay algunos otros beneficios presentados en la tabla a continuaci\u00f3n.<\/p>\n\n<figure class=\"wp-block-table\"><table><tbody><tr><td class=\"has-text-align-center\" data-align=\"center\">Compatibilidad<\/td><td class=\"has-text-align-center\" data-align=\"center\">iOS, Android<\/td><\/tr><tr><td class=\"has-text-align-center\" data-align=\"center\">Version m\u00f3vil<\/td><td class=\"has-text-align-center\" data-align=\"center\">+<\/td><\/tr><tr><td class=\"has-text-align-center\" data-align=\"center\">Precio de la aplicaci\u00f3n<\/td><td class=\"has-text-align-center\" data-align=\"center\">Gratis<\/td><\/tr><tr><td class=\"has-text-align-center\" data-align=\"center\">Dep\u00f3sito y retiro<\/td><td class=\"has-text-align-center\" data-align=\"center\">Disponible<\/td><\/tr><tr><td class=\"has-text-align-center\" data-align=\"center\">Centro de servicio<\/td><td class=\"has-text-align-center\" data-align=\"center\">24\/7<\/td><\/tr><\/tbody><\/table><\/figure>\n\n<p>Esta es su oportunidad \u00fanica de probar la nueva aplicaci\u00f3n LeoVegas y ver por s\u00ed mismo por qu\u00e9 recibi\u00f3 el premio \u00abMejor aplicaci\u00f3n nativa\u00bb. Descarga, juega y comparte tu experiencia en una revisi\u00f3n honesta. Nos aseguraremos de leerlo y mantener el art\u00edculo actualizado.<\/p>\n","protected":false},"excerpt":{"rendered":"<p>Aplicaci\u00f3n LeoVegas: Introducci\u00f3n LeoVegas es una popular casa de apuestas en l\u00ednea conocida en todo el mundo. El sitio web oficial est\u00e1 disponible en muchos idiomas diferentes, para que cualquier usuario que lo visite se sienta c\u00f3modo usando la plataforma. Est\u00e1 disponible en ingl\u00e9s, italiano, espa\u00f1ol, alem\u00e1n, noruego y muchos otros idiomas. Sin embargo, la &hellip;<\/p>\n","protected":false},"author":1,"featured_media":0,"parent":0,"menu_order":0,"comment_status":"closed","ping_status":"closed","template":"","meta":{"inline_featured_image":false},"amp_enabled":true,"_links":{"self":[{"href":"https:\/\/altguide.com\/es\/wp-json\/wp\/v2\/pages\/291"}],"collection":[{"href":"https:\/\/altguide.com\/es\/wp-json\/wp\/v2\/pages"}],"about":[{"href":"https:\/\/altguide.com\/es\/wp-json\/wp\/v2\/types\/page"}],"author":[{"embeddable":true,"href":"https:\/\/altguide.com\/es\/wp-json\/wp\/v2\/users\/1"}],"replies":[{"embeddable":true,"href":"https:\/\/altguide.com\/es\/wp-json\/wp\/v2\/comments?post=291"}],"version-history":[{"count":1,"href":"https:\/\/altguide.com\/es\/wp-json\/wp\/v2\/pages\/291\/revisions"}],"predecessor-version":[{"id":296,"href":"https:\/\/altguide.com\/es\/wp-json\/wp\/v2\/pages\/291\/revisions\/296"}],"wp:attachment":[{"href":"https:\/\/altguide.com\/es\/wp-json\/wp\/v2\/media?parent=291"}],"curies":[{"name":"wp","href":"https:\/\/api.w.org\/{rel}","templated":true}]}}