{"id":298,"date":"2022-05-05T20:17:55","date_gmt":"2022-05-05T20:17:55","guid":{"rendered":"https:\/\/altguide.com\/leovegas-inicie-sesion-y-forme-parte-del-orgullo\/"},"modified":"2022-05-06T11:51:19","modified_gmt":"2022-05-06T11:51:19","slug":"leovegas-inicie-sesion-y-forme-parte-del-orgullo","status":"publish","type":"page","link":"https:\/\/altguide.com\/es\/leovegas-inicie-sesion-y-forme-parte-del-orgullo\/","title":{"rendered":"LeoVegas: inicie sesi\u00f3n y forme parte del orgullo"},"content":{"rendered":"\n<h2>Inicio de sesi\u00f3n de LeoVegas: \u00bfqu\u00e9 oportunidades ofrece?<\/h2>\n\n<p>Hoy en d\u00eda hay muchas buenas casas de apuestas. Los desarrolladores se esfuerzan por brindar las mejores condiciones de juego para sus usuarios y crear las opciones de entretenimiento m\u00e1s emocionantes. Sin embargo, esto no es lo \u00fanico que puede influir positivamente en los clientes y dejar grandes impresiones.<\/p>\n\n<div class=\"wp-block-image\"><figure class=\"aligncenter size-full\"><img loading=\"lazy\" width=\"953\" height=\"599\" src=\"http:\/\/altguide.com\/wp-content\/uploads\/2022\/05\/leovegas-main-1.png\" alt=\"sitio oficial del casino leovegas\" class=\"wp-image-170\" srcset=\"https:\/\/altguide.com\/wp-content\/uploads\/2022\/05\/leovegas-main-1.png 953w, https:\/\/altguide.com\/wp-content\/uploads\/2022\/05\/leovegas-main-1-300x189.png 300w, https:\/\/altguide.com\/wp-content\/uploads\/2022\/05\/leovegas-main-1-768x483.png 768w\" sizes=\"(max-width: 953px) 100vw, 953px\" title=\"\"><figcaption>Beneficios de Leo Vegas<\/figcaption><\/figure><\/div>\n\n<p>La otra caracter\u00edstica importante es la comunidad de jugadores. Es crucial que las personas sientan que pertenecen a algo cada vez m\u00e1s grande que ellos mismos. Los creadores de <a href=\"https:\/\/altguide.com\/es\/\" data-type=\"page\" data-id=\"6\">LeoVegas<\/a> conocen esta necesidad humana y han intentado implementar algunas caracter\u00edsticas que permitan a sus clientes experimentar emociones positivas.<\/p>\n\n<p>En primer lugar, los desarrolladores de LeoVegas se han asegurado de crear una plataforma confiable en la que todos los usuarios puedan confiar. Comenz\u00f3 su negocio en 2018 y r\u00e1pidamente recibi\u00f3 varios premios en nominaciones relacionadas con juegos de apuestas. <strong>LeoVegas<\/strong> es el ganador de Operador de apuestas deportivas de 2018 y Casino en l\u00ednea del a\u00f1o 2019. Significa que la empresa est\u00e1 realmente interesada en crear una buena plataforma, desarrollando todas las categor\u00edas de entretenimiento en l\u00ednea.<\/p>\n\n<h2>Opciones de juego<\/h2>\n\n<p>El sitio tiene dos categor\u00edas principales de entretenimiento. La primera es la secci\u00f3n m\u00e1s popular de la plataforma y es un casino en l\u00ednea. www leovegas ofrece una gran variedad de juegos de casino como tragamonedas, jackpots, ruleta, deportes virtuales y muchos m\u00e1s. Hay m\u00e1s de 2000 juegos de casino, por lo que cualquiera puede seleccionar algo relevante para sus intereses y objetivos.<\/p>\n\n<p>En caso de que te sientas abrumado por la gran cantidad de posibilidades, los creadores del sitio han recopilado los juegos m\u00e1s populares y nuevos en dos secciones separadas. Puedes verlos y seguro que encuentras algo de tu agrado.<\/p>\n\n<p>El siguiente apartado es el de las apuestas deportivas online. Puedes apostar tanto antes del partido como en vivo. <\/p>\n\n<blockquote class=\"wp-block-quote\"><p>Solo mire los eventos y seleccione algo que le interese. Las opciones disponibles m\u00e1s populares son el cricket, el tenis y el f\u00fatbol.<\/p><\/blockquote>\n\n<h2>LeoVegas &#8211; iniciar sesi\u00f3n y registrarse<\/h2>\n\n<p>Entonces, \u00bfya te sientes emocionado por unirte a una comunidad tan genial con impresionantes opciones de entretenimiento y excelentes servicios en todo el sitio? \u00a1Lo hemos pensado! Para convertirse en miembro del club y obtener algunas oportunidades incre\u00edbles disponibles para los usuarios registrados, debe crear una cuenta en el sitio web y registrarse. Hemos preparado las breves instrucciones para que el proceso sea lo m\u00e1s f\u00e1cil y c\u00f3modo posible para usted. Veamos qu\u00e9 es.<\/p>\n\n<h3>Registro<\/h3>\n\n<p>El proceso de registro es realmente simple y no requiere mucho tiempo, por lo que podr\u00e1 hacerlo bastante r\u00e1pido, especialmente con el breve manual que hemos preparado para usted.<\/p>\n\n<div class=\"wp-block-image\"><figure class=\"aligncenter size-full\"><img loading=\"lazy\" width=\"839\" height=\"681\" src=\"http:\/\/altguide.com\/wp-content\/uploads\/2022\/05\/leovegas-registration-1.png\" alt=\"Primera fase de registro\" class=\"wp-image-218\" srcset=\"https:\/\/altguide.com\/wp-content\/uploads\/2022\/05\/leovegas-registration-1.png 839w, https:\/\/altguide.com\/wp-content\/uploads\/2022\/05\/leovegas-registration-1-300x244.png 300w, https:\/\/altguide.com\/wp-content\/uploads\/2022\/05\/leovegas-registration-1-768x623.png 768w\" sizes=\"(max-width: 839px) 100vw, 839px\" title=\"\"><figcaption>Registro del primer paso<\/figcaption><\/figure><\/div>\n\n<p>\u00bfC\u00f3mo crear una cuenta de Leo Vegas e iniciar sesi\u00f3n?<\/p>\n\n<ol><li>Visite el sitio web (puede ser literalmente cualquier p\u00e1gina) y busque el bot\u00f3n verde que dice \u00abAbrir una cuenta\u00bb. Se encuentra en la esquina superior derecha del sitio. Cuando lo encuentres, haz clic en \u00e9l.<\/li><li>Despu\u00e9s de eso, se le ofrecer\u00e1n dos opciones principales de registro: puede crear una cuenta usando su perfil de Google o Facebook o continuar con la opci\u00f3n de ingreso de datos.<\/li><li>Si desea utilizar el primer m\u00e9todo, haga clic en el medio que desea vincular a su cuenta de LeoVegas y haga clic en su icono. Despu\u00e9s de eso, ingrese sus datos de acceso a los medios y acepte el acceso de LeoVegas a la cuenta.<\/li><li>Si desea registrarse a trav\u00e9s de la direcci\u00f3n de correo electr\u00f3nico, debe ingresar un correo electr\u00f3nico v\u00e1lido en el campo, encontrar una contrase\u00f1a segura que consta de letras, n\u00fameros y un car\u00e1cter especial. Luego seleccione el c\u00f3digo de tel\u00e9fono del pa\u00eds e ingrese su n\u00famero de tel\u00e9fono.<\/li><li>Haga clic en \u00abSiguiente paso\u00bb.<\/li><li>All\u00ed tendr\u00e1s que proporcionar algunos datos personales. Sin embargo, no se preocupe, el sitio web est\u00e1 encriptado de forma segura y todos los datos est\u00e1n completamente seguros. Ingrese su nombre y apellido como est\u00e1 escrito en su identificaci\u00f3n. Luego seleccione el pa\u00eds de donde proviene, su direcci\u00f3n, fecha de nacimiento y su g\u00e9nero.<\/li><li>Marque las casillas necesarias para confirmar que ha le\u00eddo los t\u00e9rminos y condiciones y que est\u00e1 de acuerdo con las reglas. Tambi\u00e9n puede suscribirse a las actualizaciones de la casa de apuestas por tel\u00e9fono, SMS, correo electr\u00f3nico o todo en uno para ser el primero en ver noticias emocionantes, bonos exclusivos y pr\u00f3ximos eventos.<\/li><li>Haga clic en \u00bb <strong>Enviar y finalizar<\/strong> \u00ab.<\/li><li>Verifique su cuenta a trav\u00e9s del tel\u00e9fono m\u00f3vil o una carta al correo electr\u00f3nico proporcionado.<\/li><\/ol>\n\n<p><a href=\"https:\/\/altguide.com\/es\/\" data-type=\"page\" data-id=\"6\">\u00a1Disfruta el juego!<\/a><\/p>\n\n<div class=\"wp-block-image\"><figure class=\"aligncenter size-full\"><img loading=\"lazy\" width=\"841\" height=\"640\" src=\"http:\/\/altguide.com\/wp-content\/uploads\/2022\/05\/leovegas-registration-2.png\" alt=\"Segunda fase de registro en LeoVegas\" class=\"wp-image-215\" srcset=\"https:\/\/altguide.com\/wp-content\/uploads\/2022\/05\/leovegas-registration-2.png 841w, https:\/\/altguide.com\/wp-content\/uploads\/2022\/05\/leovegas-registration-2-300x228.png 300w, https:\/\/altguide.com\/wp-content\/uploads\/2022\/05\/leovegas-registration-2-768x584.png 768w\" sizes=\"(max-width: 841px) 100vw, 841px\" title=\"\"><figcaption>Continuar para ingresar los datos personales del jugador<\/figcaption><\/figure><\/div>\n\n<h3>Detalles de registro<\/h3>\n\n<p>Adem\u00e1s de las funciones de registro est\u00e1ndar, como crear una contrase\u00f1a y proporcionar algunos de sus detalles, tambi\u00e9n hay un par de atributos adicionales que se ofrecen a los usuarios.<\/p>\n\n<p>Lo primero no es nada nuevo, sin embargo dice mucho de la casa de apuestas y de lo buena que es a la hora de cuidar a sus usuarios.<\/p>\n\n<p>Esta es la oportunidad de seleccionar un bono de bienvenida que se obtiene luego de completar el proceso de registro. <\/p>\n\n<p>Hay dos opciones de bonificaci\u00f3n disponibles:<\/p>\n\n<ul><li>bono de casino. La casa de apuestas le dar\u00e1 generosamente los 1000 EUR adicionales despu\u00e9s de realizar su primer dep\u00f3sito en el sitio web. El dinero se puede gastar jugando cualquier juego de casino que pueda interesarle. Tendr\u00e1 dos semanas despu\u00e9s de crear una cuenta para depositar y reclamar el bono.<\/li><li>Bono de apuestas deportivas. Este bono se le otorgar\u00e1 despu\u00e9s de realizar su primer dep\u00f3sito de m\u00e1s de 10 euros. La casa de apuestas te dar\u00e1 hasta 100 euros en apuestas deportivas en el sitio. Puede ser tanto apuestas previas al partido como en vivo, por lo que no tiene que preocuparse por nada.<\/li><\/ul>\n\n<figure class=\"wp-block-image\"><img alt=\"\"\/><\/figure>\n\n<p>La segunda caracter\u00edstica interesante es la capacidad de establecer un l\u00edmite de sesi\u00f3n. Antes de hacer clic en el bot\u00f3n \u00abSiguiente paso\u00bb, puede encontrar una peque\u00f1a barra debajo donde puede seleccionar un l\u00edmite de sesi\u00f3n si lo necesita. Las opciones van de 1 a 16 horas. Dependiendo de este tiempo, cuando finalice la sesi\u00f3n, el usuario ser\u00e1 desconectado de la cuenta. Es una excelente opci\u00f3n para aquellos que quieren jugar de manera m\u00e1s responsable y poder detenerse cuando sea necesario. Muchos corredores de apuestas est\u00e1n comenzando a prestar m\u00e1s atenci\u00f3n al juego responsable, sin embargo, LeoVegas es uno de los pocos que ha dado un gran paso hacia la creaci\u00f3n de una plataforma absolutamente segura.<\/p>\n\n<div class=\"wp-block-image\"><figure class=\"aligncenter size-full\"><img loading=\"lazy\" width=\"828\" height=\"347\" src=\"http:\/\/altguide.com\/wp-content\/uploads\/2022\/05\/leovegas-password.jpeg\" alt=\"Formulario de recuperaci&#xF3;n de contrase&#xF1;a\" class=\"wp-image-278\" srcset=\"https:\/\/altguide.com\/wp-content\/uploads\/2022\/05\/leovegas-password.jpeg 828w, https:\/\/altguide.com\/wp-content\/uploads\/2022\/05\/leovegas-password-300x126.jpeg 300w, https:\/\/altguide.com\/wp-content\/uploads\/2022\/05\/leovegas-password-768x322.jpeg 768w\" sizes=\"(max-width: 828px) 100vw, 828px\" title=\"\"><figcaption>\u00bfSe te olvid\u00f3 tu contrase\u00f1a?<\/figcaption><\/figure><\/div>\n\n<h2>Inicio de sesi\u00f3n en LeoVegas<\/h2>\n\n<p>En caso de que ya tenga una cuenta o acaba de crear una, aqu\u00ed hay una breve descripci\u00f3n del proceso de inicio de sesi\u00f3n. Para ello, vaya a cualquier p\u00e1gina del sitio web de LeoVegas y haga clic en el bot\u00f3n de inicio de sesi\u00f3n (es de color naranja y est\u00e1 justo al lado del bot\u00f3n de registro). Despu\u00e9s de eso, dependiendo del m\u00e9todo de registro que haya seguido, puede usar las redes sociales conectadas (haga clic en el \u00edcono de Google o Facebook) o ingrese su correo electr\u00f3nico y contrase\u00f1a.<\/p>\n\n<div class=\"wp-block-image\"><figure class=\"aligncenter size-full is-resized\"><img loading=\"lazy\" src=\"http:\/\/altguide.com\/wp-content\/uploads\/2022\/05\/leovegas-login.jpeg\" alt=\"leovegas-login\" class=\"wp-image-281\" width=\"-14\" height=\"-14\" srcset=\"https:\/\/altguide.com\/wp-content\/uploads\/2022\/05\/leovegas-login.jpeg 494w, https:\/\/altguide.com\/wp-content\/uploads\/2022\/05\/leovegas-login-300x300.jpeg 300w, https:\/\/altguide.com\/wp-content\/uploads\/2022\/05\/leovegas-login-150x150.jpeg 150w\" sizes=\"(max-width: 494px) 100vw, 494px\" title=\"\"><figcaption>Iniciar sesi\u00f3n<\/figcaption><\/figure><\/div>\n\n<p>Tambi\u00e9n puede suceder que de repente haya olvidado o perdido su contrase\u00f1a. Sin embargo, no se preocupe, puede recuperar f\u00e1cilmente los datos o restablecer la informaci\u00f3n de identificaci\u00f3n. Simplemente haga clic en la palabra \u00abContrase\u00f1a perdida\u00bb que se encuentra debajo del bot\u00f3n de inicio de sesi\u00f3n.<\/p>\n\n<p>Como puede ver, es f\u00e1cil iniciar sesi\u00f3n y unirse a la gran comunidad y divertirse. \u00a1Buena suerte!<\/p>\n","protected":false},"excerpt":{"rendered":"<p>Inicio de sesi\u00f3n de LeoVegas: \u00bfqu\u00e9 oportunidades ofrece? Hoy en d\u00eda hay muchas buenas casas de apuestas. Los desarrolladores se esfuerzan por brindar las mejores condiciones de juego para sus usuarios y crear las opciones de entretenimiento m\u00e1s emocionantes. Sin embargo, esto no es lo \u00fanico que puede influir positivamente en los clientes y dejar &hellip;<\/p>\n","protected":false},"author":1,"featured_media":0,"parent":0,"menu_order":0,"comment_status":"closed","ping_status":"closed","template":"","meta":{"inline_featured_image":false},"amp_enabled":true,"_links":{"self":[{"href":"https:\/\/altguide.com\/es\/wp-json\/wp\/v2\/pages\/298"}],"collection":[{"href":"https:\/\/altguide.com\/es\/wp-json\/wp\/v2\/pages"}],"about":[{"href":"https:\/\/altguide.com\/es\/wp-json\/wp\/v2\/types\/page"}],"author":[{"embeddable":true,"href":"https:\/\/altguide.com\/es\/wp-json\/wp\/v2\/users\/1"}],"replies":[{"embeddable":true,"href":"https:\/\/altguide.com\/es\/wp-json\/wp\/v2\/comments?post=298"}],"version-history":[{"count":1,"href":"https:\/\/altguide.com\/es\/wp-json\/wp\/v2\/pages\/298\/revisions"}],"predecessor-version":[{"id":302,"href":"https:\/\/altguide.com\/es\/wp-json\/wp\/v2\/pages\/298\/revisions\/302"}],"wp:attachment":[{"href":"https:\/\/altguide.com\/es\/wp-json\/wp\/v2\/media?parent=298"}],"curies":[{"name":"wp","href":"https:\/\/api.w.org\/{rel}","templated":true}]}}