{"id":1014,"date":"2022-10-03T10:54:15","date_gmt":"2022-10-03T10:54:15","guid":{"rendered":"https:\/\/altguide.com\/?page_id=1014"},"modified":"2022-10-03T20:14:08","modified_gmt":"2022-10-03T20:14:08","slug":"jeu-responsable","status":"publish","type":"page","link":"https:\/\/altguide.com\/fr\/jeu-responsable\/","title":{"rendered":"Jeu responsable"},"content":{"rendered":"\n<p>Cette revue du casino <a href=\"https:\/\/altguide.com\/fr\/\" data-type=\"page\" data-id=\"905\">LeoVegas<\/a> adh\u00e8re aux principes du jeu responsable ; nous nous engageons \u00e0 vous fournir un environnement de jeu conforme \u00e0 ces principes. Nous encourageons tous nos joueurs \u00e0 utiliser nos services de mani\u00e8re responsable.<\/p>\n\n\n\n<p>Jouer avec plus d&rsquo;argent que vous ne pouvez vous permettre de perdre, ou passer plus de temps que vous n&rsquo;en avez l&rsquo;intention, peut entra\u00eener des probl\u00e8mes. Jouer de mani\u00e8re responsable et s\u00fbre peut aider \u00e0 pr\u00e9venir ces probl\u00e8mes. Nous expliquons ci-dessous en d\u00e9tail ce qu&rsquo;est le jeu responsable, ce qu&rsquo;il implique et comment vous pouvez obtenir de l&rsquo;aide.<\/p>\n\n\n\n<h2>Qu&rsquo;est-ce que la d\u00e9pendance au jeu ?<\/h2>\n\n\n\n<p>Notre objectif est de vous parler d&rsquo;une exp\u00e9rience de jeu amusante, agr\u00e9able et s\u00fbre. Cependant, m\u00eame l&rsquo;exp\u00e9rience la plus agr\u00e9able peut se transformer en une d\u00e9pendance si elle n&rsquo;est pas arr\u00eat\u00e9e. Le trouble du jeu (jeu probl\u00e9matique) d\u00e9finit un comportement qui entra\u00eene une g\u00eane fonctionnelle. La d\u00e9pendance aux jeux d&rsquo;argent est une addiction qui affecte \u00e0 la fois l&rsquo;individu et la soci\u00e9t\u00e9. En plus de causer de graves pertes financi\u00e8res, elle d\u00e9truit \u00e9galement des familles.<\/p>\n\n\n\n<p>La d\u00e9pendance au jeu en tant que diagnostic clinique a \u00e9t\u00e9 d\u00e9crite pour la premi\u00e8re fois en 1980. Tous les joueurs ne d\u00e9veloppent pas une d\u00e9pendance. Certains jouent uniquement pour le plaisir, comme une activit\u00e9 sociale, et peuvent \u00eatre autonomes. Le jeu probl\u00e9matique est d\u00e9fini comme le fait de jouer avec une fr\u00e9quence croissante et des enjeux plus \u00e9lev\u00e9s malgr\u00e9 des cons\u00e9quences n\u00e9fastes. Dans l&rsquo;addiction au jeu, les joueurs attribuent leurs gains \u00e0 leurs comp\u00e9tences particuli\u00e8res et mettent les pertes sur le compte de la malchance. De plus, qu&rsquo;ils gagnent ou perdent, ils continuent \u00e0 jouer.<\/p>\n\n\n\n<p>Le terme \u00ab\u00a0jeux d&rsquo;argent\u00a0\u00bb ne d\u00e9signe pas seulement les jeux jou\u00e9s dans les casinos. Ce groupe comprend \u00e9galement les courses de chevaux, les jeux de hasard ou les jeux de cartes faisant l&rsquo;objet de paris. Plus on commence t\u00f4t \u00e0 pratiquer ce type d&rsquo;activit\u00e9, plus le risque de d\u00e9velopper une d\u00e9pendance est \u00e9lev\u00e9. Comme la d\u00e9pendance au jeu ne se manifeste par aucun sympt\u00f4me physique, il faut du temps pour la diagnostiquer correctement.<\/p>\n\n\n\n<p>Tout commence lorsqu&rsquo;une personne gagne beaucoup. Apr\u00e8s ce gain, le joueur r\u00eave constamment de gros gains et sa confiance en lui grandit. Lorsque le gain imaginaire n&rsquo;est pas atteint, la personne ne tol\u00e8re pas la perte et continue \u00e0 jouer pour gagner plus d&rsquo;argent. Il peut vendre tous ses biens pour trouver de l&rsquo;argent dans cette phase de perte et\/ou perdre compl\u00e8tement le contr\u00f4le. Les probl\u00e8mes au travail et dans la famille vont augmenter et il peut m\u00eame commettre des activit\u00e9s ill\u00e9gales. Dans la phase finale, on se rend compte que les pertes ne peuvent jamais \u00eatre r\u00e9cup\u00e9r\u00e9es. \u00c0 ce stade, d&rsquo;autres probl\u00e8mes et dommages li\u00e9s au jeu apparaissent, comme le divorce et la consommation d&rsquo;alcool.<\/p>\n\n\n\n<h2>Comment \u00e9viter les dommages li\u00e9s aux jeux d&rsquo;argent ?<\/h2>\n\n\n\n<p>Voici quelques conseils pour rendre les jeux d&rsquo;argent plus s\u00fbrs :<\/p>\n\n\n\n<ul><li>N&rsquo;oubliez pas que les jeux d&rsquo;argent ne sont pas un moyen de gagner de l&rsquo;argent.<\/li><li>Ne jouez pas avec de l&rsquo;argent que vous ne pouvez pas vous permettre de perdre.<\/li><li>Si vous \u00eates de mauvaise humeur, ne jouez pas. Ne jouez pas non plus en \u00e9tat d&rsquo;\u00e9bri\u00e9t\u00e9.<\/li><li>Ne laissez pas le jeu devenir votre seul passe-temps.<\/li><li>N&rsquo;essayez pas de gagner plus en utilisant des strat\u00e9gies dans les jeux de casino. Presque toutes ces strat\u00e9gies vous feront perdre plus \u00e0 long terme.<\/li><\/ul>\n\n\n\n<p>Il existe plusieurs outils de jeu responsable que vous pouvez utiliser pour contr\u00f4ler vos habitudes de jeu et de pari en ligne. Ces outils de jeu responsable peuvent vous aider \u00e0 fixer des limites, \u00e0 faire une pause et\/ou \u00e0 vous \u00e9loigner du site si n\u00e9cessaire.<\/p>\n\n\n\n<p>La premi\u00e8re \u00e9tape pour jouer en toute s\u00e9curit\u00e9 est de savoir combien vous pouvez d\u00e9penser et combien vous pouvez vous permettre de perdre. Fixer des limites dans ces deux domaines vous aidera \u00e0 garder le contr\u00f4le. Commencez donc par fixer vos limites de d\u00e9p\u00f4t, de mise et de perte. Vous pouvez g\u00e9n\u00e9ralement d\u00e9finir des limites quotidiennes (<strong>mises \u00e0 jour toutes les 24 heures<\/strong>), hebdomadaires ou mensuelles pour chacun de ces param\u00e8tres.<\/p>\n\n\n\n<p>Il peut \u00e9galement \u00eatre utile pour planifier votre temps de jeu et garder une trace du temps pass\u00e9 sur le site. Pour vous aider, la plupart des op\u00e9rateurs proposent des outils de rappel de jeu r\u00e9el qui apparaissent r\u00e9guli\u00e8rement pour suivre le temps pass\u00e9 sur le site.<\/p>\n\n\n\n<p>Si vous pensez avoir besoin d&rsquo;une pause, vous pouvez en demander une \u00e0 votre op\u00e9rateur. Votre compte sera temporairement bloqu\u00e9 pour la dur\u00e9e de votre demande. \u00c0 la fin de la p\u00e9riode de gr\u00e2ce, votre compte sera automatiquement d\u00e9sactiv\u00e9.<\/p>\n\n\n\n<h2>Protection des mineurs contre les jeux d&rsquo;argent<\/h2>\n\n\n\n<blockquote class=\"wp-block-quote\"><p>Nous adh\u00e9rons \u00e0 une politique qui interdit aux personnes de moins de 18 ans de jouer.<\/p><\/blockquote>\n\n\n\n<p>Nous nous effor\u00e7ons de veiller \u00e0 ce que tous les joueurs sur notre site aient l&rsquo;\u00e2ge l\u00e9gal. En plus de ces efforts, nous soulignons qu&rsquo;il incombe \u00e9galement aux parents de veiller \u00e0 ce que les mineurs ne jouent pas et nous encourageons tous les parents \u00e0 prendre les mesures n\u00e9cessaires pour prot\u00e9ger les mineurs des jeux d&rsquo;argent.<\/p>\n\n\n\n<ul><li>Vous pouvez utiliser un logiciel de blocage des jeux d&rsquo;argent et divers outils de jeu tels que NetNanny, GamBlock et GamBan pour emp\u00eacher les enfants dont vous avez la charge d&rsquo;acc\u00e9der \u00e0 des sites web ind\u00e9sirables.<\/li><li>Ne laissez pas les enfants sans surveillance devant un ordinateur ou un autre appareil qu&rsquo;ils pourraient utiliser pour acc\u00e9der \u00e0 des sites de casino.<\/li><li>Prot\u00e9gez le nom d&rsquo;utilisateur et le mot de passe de votre compte sur les sites de casino en ligne. N&rsquo;utilisez pas l&rsquo;option \u00ab\u00a0Enregistrer le mot de passe\u00a0\u00bb lorsque vous acc\u00e9dez aux sites de casino et d\u00e9connectez-vous toujours lorsque vous avez fini de jouer.<\/li><li>Conservez vos cartes de cr\u00e9dit et\/ou de d\u00e9bit hors de port\u00e9e des mineurs et ne leur communiquez pas vos informations bancaires.<\/li><\/ul>\n\n\n\n<h2>Comment puis-je me d\u00e9barrasser de la d\u00e9pendance au jeu ?<\/h2>\n\n\n\n<p>Dans les \u00e9tudes men\u00e9es sur le traitement de la d\u00e9pendance au jeu, il a \u00e9t\u00e9 observ\u00e9 que la th\u00e9rapie m\u00e9dicamenteuse est partiellement efficace. En pr\u00e9sence de troubles psychiatriques suppl\u00e9mentaires, l&rsquo;efficacit\u00e9 du traitement m\u00e9dicamenteux augmente. Parmi les m\u00e9thodes de psychoth\u00e9rapie, la th\u00e9rapie cognitivo-comportementale, l&rsquo;entretien motivationnel et les groupes d&rsquo;entraide (par exemple les Joueurs Anonymes) se sont r\u00e9v\u00e9l\u00e9s particuli\u00e8rement efficaces. De plus, un acc\u00e8s limit\u00e9 aux ressources financi\u00e8res (annulation des cartes de cr\u00e9dit, manque d&rsquo;argent liquide, etc.) peut d\u00e9courager les gens de continuer \u00e0 jouer. En outre, obtenir de l&rsquo;aide aupr\u00e8s de groupes tels que les Joueurs Anonymes et participer \u00e0 une th\u00e9rapie de groupe peut aider \u00e0 jouer de mani\u00e8re plus s\u00fbre.<\/p>\n\n\n\n<h2>Logiciel de blocage des jeux d&rsquo;argent<\/h2>\n\n\n\n<p>Il existe de nombreux outils de jeu qui peuvent \u00eatre utilis\u00e9s \u00e0 la fois pour pr\u00e9venir le jeu chez les mineurs et pour offrir une exp\u00e9rience de jeu plus s\u00fbre. Le plus efficace de ces outils est le logiciel de blocage des jeux d&rsquo;argent. Ce logiciel peut \u00eatre utilis\u00e9 pour r\u00e9duire les dommages associ\u00e9s aux jeux d&rsquo;argent et\/ou bloquer compl\u00e8tement l&rsquo;acc\u00e8s \u00e0 certains sites web.<\/p>\n\n\n\n<p>Il s&rsquo;agit probablement du plus important de tous les conseils en mati\u00e8re de jeu s\u00e9curis\u00e9. Si vous craignez que vos enfants visitent des sites de casino, utilisez des outils qui peuvent les bloquer. Il existe des logiciels de blocage des jeux d&rsquo;argent qui peuvent \u00eatre utilis\u00e9s gratuitement. Les plus populaires sont <strong>GamBan, GamBlock, BetFILter, BetBlocker et NetNanny<\/strong>.<\/p>\n","protected":false},"excerpt":{"rendered":"<p>Cette revue du casino LeoVegas adh\u00e8re aux principes du jeu responsable ; nous nous engageons \u00e0 vous fournir un environnement de jeu conforme \u00e0 ces principes. Nous encourageons tous nos joueurs \u00e0 utiliser nos services de mani\u00e8re responsable. Jouer avec plus d&rsquo;argent que vous ne pouvez vous permettre de perdre, ou passer plus de temps &hellip;<\/p>\n","protected":false},"author":1,"featured_media":0,"parent":0,"menu_order":0,"comment_status":"closed","ping_status":"closed","template":"","meta":{"inline_featured_image":false},"amp_enabled":true,"_links":{"self":[{"href":"https:\/\/altguide.com\/fr\/wp-json\/wp\/v2\/pages\/1014"}],"collection":[{"href":"https:\/\/altguide.com\/fr\/wp-json\/wp\/v2\/pages"}],"about":[{"href":"https:\/\/altguide.com\/fr\/wp-json\/wp\/v2\/types\/page"}],"author":[{"embeddable":true,"href":"https:\/\/altguide.com\/fr\/wp-json\/wp\/v2\/users\/1"}],"replies":[{"embeddable":true,"href":"https:\/\/altguide.com\/fr\/wp-json\/wp\/v2\/comments?post=1014"}],"version-history":[{"count":1,"href":"https:\/\/altguide.com\/fr\/wp-json\/wp\/v2\/pages\/1014\/revisions"}],"predecessor-version":[{"id":1015,"href":"https:\/\/altguide.com\/fr\/wp-json\/wp\/v2\/pages\/1014\/revisions\/1015"}],"wp:attachment":[{"href":"https:\/\/altguide.com\/fr\/wp-json\/wp\/v2\/media?parent=1014"}],"curies":[{"name":"wp","href":"https:\/\/api.w.org\/{rel}","templated":true}]}}