{"id":978,"date":"2022-10-03T11:10:07","date_gmt":"2022-10-03T11:10:07","guid":{"rendered":"https:\/\/altguide.com\/?page_id=978"},"modified":"2022-10-03T19:17:02","modified_gmt":"2022-10-03T19:17:02","slug":"service-clientele-du-casino-leovegas","status":"publish","type":"page","link":"https:\/\/altguide.com\/fr\/service-clientele-du-casino-leovegas\/","title":{"rendered":"Service client\u00e8le du casino LeoVegas"},"content":{"rendered":"\n<p>Pour toute question, les joueurs inscrits \u00e0 <a href=\"https:\/\/altguide.com\/fr\/\" data-type=\"page\" data-id=\"905\">LeoVegas<\/a> peuvent contacter l&rsquo;assistance. Ils sont disponibles 24 heures sur 24, 7 jours sur 7.<\/p>\n\n\n<div class=\"wp-block-image\">\n<figure class=\"aligncenter size-large\"><img loading=\"lazy\" width=\"1024\" height=\"509\" src=\"http:\/\/altguide.com\/wp-content\/uploads\/2022\/10\/leovegas-help-center-1024x509.png\" alt=\"Help center\" class=\"wp-image-943\" srcset=\"https:\/\/altguide.com\/wp-content\/uploads\/2022\/10\/leovegas-help-center-1024x509.png 1024w, https:\/\/altguide.com\/wp-content\/uploads\/2022\/10\/leovegas-help-center-300x149.png 300w, https:\/\/altguide.com\/wp-content\/uploads\/2022\/10\/leovegas-help-center-768x382.png 768w, https:\/\/altguide.com\/wp-content\/uploads\/2022\/10\/leovegas-help-center.png 1182w\" sizes=\"(max-width: 1024px) 100vw, 1024px\" title=\"\"><\/figure><\/div>\n\n\n<blockquote class=\"wp-block-quote\"><p>La meilleure option est de visiter la page du centre d&rsquo;aide de Leo Vegas.<\/p><\/blockquote>\n\n\n\n<p>Sur cette page, le joueur peut trouver n&rsquo;importe quelle r\u00e9ponse. Les cat\u00e9gories de questions les plus fr\u00e9quemment pos\u00e9es<\/p>\n\n\n\n<ul><li>Comment retirer ses gains ?<\/li><li>Recouvrement des comptes<\/li><li>Probl\u00e8mes d&rsquo;argent sur le compte<\/li><li>Questions sur les primes et les cadeaux<\/li><li>Blocage du compte.<\/li><\/ul>\n\n\n\n<p>Toutes les questions sont class\u00e9es par cat\u00e9gories : paris sportifs, casino, live et autres.<\/p>\n\n\n\n<p>LeoVegas n&rsquo;a pas d&rsquo;assistance t\u00e9l\u00e9phonique \u00e0 la client\u00e8le.<\/p>\n\n\n\n<p>Un salon de discussion en ligne avec assistance est \u00e0 la disposition des joueurs. Veuillez d\u00e9crire votre probl\u00e8me. Un sp\u00e9cialiste vous r\u00e9pondra dans les plus brefs d\u00e9lais.<\/p>\n\n\n\n<blockquote class=\"wp-block-quote\"><p>Le chat en ligne est \u00e9galement disponible dans l&rsquo;application mobile.<\/p><\/blockquote>\n\n\n\n<h2>E-mail<\/h2>\n\n\n\n<p>support-fr@leovegas.com<\/p>\n","protected":false},"excerpt":{"rendered":"<p>Pour toute question, les joueurs inscrits \u00e0 LeoVegas peuvent contacter l&rsquo;assistance. Ils sont disponibles 24 heures sur 24, 7 jours sur 7. La meilleure option est de visiter la page du centre d&rsquo;aide de Leo Vegas. Sur cette page, le joueur peut trouver n&rsquo;importe quelle r\u00e9ponse. Les cat\u00e9gories de questions les plus fr\u00e9quemment pos\u00e9es Comment &hellip;<\/p>\n","protected":false},"author":1,"featured_media":0,"parent":0,"menu_order":0,"comment_status":"closed","ping_status":"closed","template":"","meta":{"inline_featured_image":false},"amp_enabled":true,"_links":{"self":[{"href":"https:\/\/altguide.com\/fr\/wp-json\/wp\/v2\/pages\/978"}],"collection":[{"href":"https:\/\/altguide.com\/fr\/wp-json\/wp\/v2\/pages"}],"about":[{"href":"https:\/\/altguide.com\/fr\/wp-json\/wp\/v2\/types\/page"}],"author":[{"embeddable":true,"href":"https:\/\/altguide.com\/fr\/wp-json\/wp\/v2\/users\/1"}],"replies":[{"embeddable":true,"href":"https:\/\/altguide.com\/fr\/wp-json\/wp\/v2\/comments?post=978"}],"version-history":[{"count":1,"href":"https:\/\/altguide.com\/fr\/wp-json\/wp\/v2\/pages\/978\/revisions"}],"predecessor-version":[{"id":979,"href":"https:\/\/altguide.com\/fr\/wp-json\/wp\/v2\/pages\/978\/revisions\/979"}],"wp:attachment":[{"href":"https:\/\/altguide.com\/fr\/wp-json\/wp\/v2\/media?parent=978"}],"curies":[{"name":"wp","href":"https:\/\/api.w.org\/{rel}","templated":true}]}}