{"id":1012,"date":"2022-10-03T10:54:15","date_gmt":"2022-10-03T10:54:15","guid":{"rendered":"https:\/\/altguide.com\/?page_id=1012"},"modified":"2022-10-03T20:11:14","modified_gmt":"2022-10-03T20:11:14","slug":"jogo-responsavel","status":"publish","type":"page","link":"https:\/\/altguide.com\/pt-br\/jogo-responsavel\/","title":{"rendered":"Jogo Respons\u00e1vel"},"content":{"rendered":"\n<p>Esta revis\u00e3o do <a href=\"https:\/\/altguide.com\/pt-br\/\" data-type=\"page\" data-id=\"300\">LeoVegas Casino<\/a> adere aos Princ\u00edpios do Jogo Respons\u00e1vel; estamos comprometidos em fornecer a voc\u00ea um ambiente de jogo que esteja de acordo com estes princ\u00edpios. Encorajamos todos os nossos jogadores a usar nossos servi\u00e7os de forma respons\u00e1vel.<\/p>\n\n\n\n<p>Jogar com mais dinheiro do que voc\u00ea pode perder, ou gastar mais tempo do que voc\u00ea pretende, pode levar a problemas. Jogar com responsabilidade e seguran\u00e7a pode ajudar a prevenir estes problemas. A seguir explicamos em detalhes o que \u00e9 jogo respons\u00e1vel, o que ele envolve e como voc\u00ea pode obter ajuda.<\/p>\n\n\n\n<h2>O que \u00e9 v\u00edcio do jogo?<\/h2>\n\n\n\n<p>Nosso objetivo \u00e9 falar-lhe sobre uma experi\u00eancia de jogo divertida, agrad\u00e1vel e segura. Entretanto, mesmo a experi\u00eancia mais agrad\u00e1vel pode se transformar em um v\u00edcio se n\u00e3o for detida. O dist\u00farbio do jogo (problema de jogo) define um comportamento que causa preju\u00edzo funcional. O v\u00edcio do jogo \u00e9 um v\u00edcio que afeta tanto o indiv\u00edduo quanto a sociedade. Al\u00e9m de causar graves perdas financeiras, tamb\u00e9m destr\u00f3i as fam\u00edlias.<\/p>\n\n\n\n<p>O v\u00edcio do jogo como um diagn\u00f3stico cl\u00ednico foi descrito pela primeira vez em 1980. Nem todos os apostadores desenvolvem um v\u00edcio. Alguns jogam apenas por divers\u00e3o, como uma atividade social, e podem ser auto-suficientes. O jogo problem\u00e1tico \u00e9 definido como o jogo com freq\u00fc\u00eancia crescente e apostas mais altas, apesar das conseq\u00fc\u00eancias prejudiciais. No v\u00edcio do jogo, os jogadores atribuem ganhos a suas habilidades especiais e culpam as perdas por m\u00e1 sorte. Al\u00e9m disso, quer ganhem ou percam, eles continuam a apostar.<\/p>\n\n\n\n<p>O termo &#8220;<strong>jogo<\/strong>&#8221; n\u00e3o se refere apenas a jogos jogados em cassinos. Este grupo tamb\u00e9m inclui corridas de cavalos, jogos de azar ou de cartas jogadas em apostas. Quanto mais cedo come\u00e7ar a praticar este tipo de atividade, maior ser\u00e1 o risco de desenvolver um v\u00edcio. Como o v\u00edcio do jogo n\u00e3o se manifesta com nenhum sintoma f\u00edsico, \u00e9 preciso tempo para diagnostic\u00e1-lo corretamente.<\/p>\n\n\n\n<p>Tudo come\u00e7a quando uma pessoa ganha muito. Depois desta vit\u00f3ria, o jogador sonha constantemente com grandes ganhos e sua autoconfian\u00e7a cresce. Quando a vit\u00f3ria imagin\u00e1ria n\u00e3o \u00e9 alcan\u00e7ada, a pessoa n\u00e3o tolera a perda e continua a jogar por mais dinheiro. Ele pode vender todos os seus bens para encontrar dinheiro nesta fase de perda e\/ou perder completamente o controle. Os problemas no trabalho e na fam\u00edlia ir\u00e3o aumentar e ele poder\u00e1 at\u00e9 mesmo cometer atividades ilegais. Na fase final, percebe-se que as perdas nunca podem ser recuperadas. Nesta fase, surgem outros problemas e danos associados ao jogo, como o div\u00f3rcio e o consumo de \u00e1lcool.<\/p>\n\n\n\n<h2>Como podem ser evitados os danos associados aos jogos de azar?<\/h2>\n\n\n\n<p>Aqui est\u00e3o algumas dicas sobre como tornar o jogo mais seguro:<\/p>\n\n\n\n<ul><li>Lembre-se de que o jogo n\u00e3o \u00e9 uma forma de ganhar dinheiro.<\/li><li>N\u00e3o jogue com dinheiro que voc\u00ea n\u00e3o pode se dar ao luxo de perder.<\/li><li>Se voc\u00ea estiver de mau humor, n\u00e3o jogue. Al\u00e9m disso, n\u00e3o jogue enquanto estiver intoxicado.<\/li><li>N\u00e3o deixe que o jogo se torne seu \u00fanico hobby.<\/li><li>N\u00e3o tente ganhar mais usando estrat\u00e9gias em jogos de cassino. Quase todas estas estrat\u00e9gias far\u00e3o voc\u00ea perder mais no longo prazo.<\/li><\/ul>\n\n\n\n<p>H\u00e1 v\u00e1rias ferramentas de jogo respons\u00e1vel que voc\u00ea pode usar para controlar seus h\u00e1bitos de jogo e apostas on-line. Estas ferramentas de jogo respons\u00e1vel podem ajud\u00e1-lo a estabelecer limites, fazer uma pausa e\/ou afastar-se do local, se necess\u00e1rio.<\/p>\n\n\n\n<p>O primeiro passo para um jogo seguro \u00e9 saber quanto voc\u00ea pode gastar e quanto pode se dar ao luxo de perder. O estabelecimento de limites em ambas as \u00e1reas ajudar\u00e1 voc\u00ea a manter o controle. Portanto, primeiro estabele\u00e7a seus limites de dep\u00f3sito, aposta e perda. Geralmente \u00e9 poss\u00edvel definir limites di\u00e1rios (<strong>atualizados a cada 24 horas<\/strong>), semanais ou mensais para cada um desses par\u00e2metros.<\/p>\n\n\n\n<p>Tamb\u00e9m pode ser \u00fatil para planejar seu tempo de jogo e acompanhar o tempo gasto no site. Para ajudar voc\u00ea, a maioria dos operadores oferece ferramentas de lembrete de jogo do mundo real que aparecem regularmente para acompanhar o tempo gasto no site.<\/p>\n\n\n\n<p>Se voc\u00ea acha que precisa de uma pausa, voc\u00ea pode solicitar uma de seu operador. Sua conta ser\u00e1 temporariamente bloqueada durante a vig\u00eancia de seu pedido. Ao final do per\u00edodo de car\u00eancia, sua conta ser\u00e1 automaticamente desativada.<\/p>\n\n\n\n<h2>Prote\u00e7\u00e3o de menores contra o jogo<\/h2>\n\n\n\n<blockquote class=\"wp-block-quote\"><p>Aderimos a uma pol\u00edtica que pro\u00edbe qualquer pessoa com menos de 18 anos de apostar.<\/p><\/blockquote>\n\n\n\n<p>Estamos empenhados em garantir que todos os jogadores em nosso site tenham idade legal. Al\u00e9m desses esfor\u00e7os, enfatizamos que tamb\u00e9m \u00e9 responsabilidade dos pais garantir que os menores n\u00e3o joguem e incentivamos todos os pais a tomar as medidas necess\u00e1rias para proteger os menores contra o jogo.<\/p>\n\n\n\n<ul><li>Voc\u00ea pode usar software de bloqueio de jogo e v\u00e1rias ferramentas de jogo como NetNanny, GamBlock e GamBan para evitar que crian\u00e7as ao seu cuidado acessem sites indesejados.<\/li><li>N\u00e3o deixe crian\u00e7as sem supervis\u00e3o na frente de um computador ou outro dispositivo que elas possam usar para acessar sites de cassinos.<\/li><li>Proteja seu nome de usu\u00e1rio e senha da conta em sites de cassinos online. N\u00e3o use a op\u00e7\u00e3o &#8216;salvar senha&#8217; ao acessar sites de cassino e sempre fa\u00e7a logout quando tiver terminado de jogar.<\/li><li>Mantenha seus cart\u00f5es de cr\u00e9dito e\/ou d\u00e9bito fora do alcance de menores e n\u00e3o d\u00ea a eles suas informa\u00e7\u00f5es banc\u00e1rias.<\/li><\/ul>\n\n\n\n<h2>Como posso me livrar do v\u00edcio do jogo?<\/h2>\n\n\n\n<p>Em estudos realizados sobre o tratamento do v\u00edcio do jogo, foi observado que a terapia com drogas \u00e9 parcialmente eficaz. Na presen\u00e7a de dist\u00farbios psiqui\u00e1tricos adicionais, a efic\u00e1cia da terapia medicamentosa aumenta. Terapia cognitiva-comportamental, entrevistas motivacionais e grupos de auto-ajuda (por exemplo, Jogadores An\u00f4nimos) t\u00eam se mostrado particularmente eficazes entre os m\u00e9todos <strong>psicoterap\u00eauticos<\/strong>. Al\u00e9m disso, o acesso limitado a recursos financeiros (cancelamento de cart\u00f5es de cr\u00e9dito, falta de dinheiro, etc.) pode desencorajar as pessoas de continuar a apostar. Al\u00e9m disso, obter ajuda de grupos como Gamblers Anonymous e participar da terapia de grupo pode ajudar a jogar com mais seguran\u00e7a.<\/p>\n\n\n\n<h2>Software de bloqueio de jogos de azar<\/h2>\n\n\n\n<p>H\u00e1 muitas ferramentas de jogo que podem ser usadas tanto para prevenir o jogo para menores de idade quanto para proporcionar uma experi\u00eancia de jogo mais segura. A mais eficaz dessas ferramentas \u00e9 o software de bloqueio de jogos de azar. Este software pode ser usado para reduzir os danos associados ao jogo e\/ou bloquear completamente o acesso a certos sites.<\/p>\n\n\n\n<p>Esta \u00e9 provavelmente a mais importante de todas as dicas de jogo mais seguro. Se voc\u00ea estiver preocupado com a visita de seus filhos a sites de cassinos, use ferramentas que possam bloque\u00e1-los. Existem softwares de bloqueio de jogo que podem ser usados gratuitamente. Os mais populares s\u00e3o <strong>GamBan, GamBlock, BetFILter, BetBlocker e NetNanny<\/strong>.<\/p>\n","protected":false},"excerpt":{"rendered":"<p>Esta revis\u00e3o do LeoVegas Casino adere aos Princ\u00edpios do Jogo Respons\u00e1vel; estamos comprometidos em fornecer a voc\u00ea um ambiente de jogo que esteja de acordo com estes princ\u00edpios. Encorajamos todos os nossos jogadores a usar nossos servi\u00e7os de forma respons\u00e1vel. Jogar com mais dinheiro do que voc\u00ea pode perder, ou gastar mais tempo do que &hellip;<\/p>\n","protected":false},"author":1,"featured_media":0,"parent":0,"menu_order":0,"comment_status":"closed","ping_status":"closed","template":"","meta":{"inline_featured_image":false},"amp_enabled":true,"_links":{"self":[{"href":"https:\/\/altguide.com\/pt-br\/wp-json\/wp\/v2\/pages\/1012"}],"collection":[{"href":"https:\/\/altguide.com\/pt-br\/wp-json\/wp\/v2\/pages"}],"about":[{"href":"https:\/\/altguide.com\/pt-br\/wp-json\/wp\/v2\/types\/page"}],"author":[{"embeddable":true,"href":"https:\/\/altguide.com\/pt-br\/wp-json\/wp\/v2\/users\/1"}],"replies":[{"embeddable":true,"href":"https:\/\/altguide.com\/pt-br\/wp-json\/wp\/v2\/comments?post=1012"}],"version-history":[{"count":1,"href":"https:\/\/altguide.com\/pt-br\/wp-json\/wp\/v2\/pages\/1012\/revisions"}],"predecessor-version":[{"id":1013,"href":"https:\/\/altguide.com\/pt-br\/wp-json\/wp\/v2\/pages\/1012\/revisions\/1013"}],"wp:attachment":[{"href":"https:\/\/altguide.com\/pt-br\/wp-json\/wp\/v2\/media?parent=1012"}],"curies":[{"name":"wp","href":"https:\/\/api.w.org\/{rel}","templated":true}]}}