{"id":288,"date":"2022-05-05T21:14:22","date_gmt":"2022-05-05T21:14:22","guid":{"rendered":"https:\/\/altguide.com\/download-gratis-do-aplicativo-leovegas\/"},"modified":"2022-05-06T11:51:15","modified_gmt":"2022-05-06T11:51:15","slug":"download-gratis-do-aplicativo-leovegas","status":"publish","type":"page","link":"https:\/\/altguide.com\/pt-br\/download-gratis-do-aplicativo-leovegas\/","title":{"rendered":"Download gr\u00e1tis do aplicativo LeoVegas"},"content":{"rendered":"\n<h2>Aplicativo LeoVegas: introdu\u00e7\u00e3o<\/h2>\n\n<p>LeoVegas \u00e9 uma popular casa de apostas online conhecida em todo o mundo. O site oficial est\u00e1 dispon\u00edvel em v\u00e1rios idiomas, para que qualquer usu\u00e1rio que o visite se sinta confort\u00e1vel ao usar a plataforma. Est\u00e1 dispon\u00edvel em ingl\u00eas, italiano, espanhol, alem\u00e3o, noruegu\u00eas e muitos outros idiomas.<\/p>\n\n<p>No entanto, a variedade lingu\u00edstica n\u00e3o \u00e9 o \u00fanico recurso que a casa de apostas pode oferecer para tornar o site mais acess\u00edvel aos seus clientes. O que torna mais f\u00e1cil para qualquer pessoa visitar o mundo dos jogos de azar que a <a href=\"https:\/\/altguide.com\/pt-br\/\" data-type=\"page\" data-id=\"6\">LeoVegas oferece<\/a> \u00e9 um aplicativo m\u00f3vel.<\/p>\n\n<div class=\"wp-block-image\"><figure class=\"aligncenter size-full\"><img loading=\"lazy\" width=\"904\" height=\"494\" src=\"http:\/\/altguide.com\/wp-content\/uploads\/2022\/05\/leovegas-mobile-for-android.png\" alt=\"Aplicativo para Android do cassino LeoVegas\" class=\"wp-image-259\" srcset=\"https:\/\/altguide.com\/wp-content\/uploads\/2022\/05\/leovegas-mobile-for-android.png 904w, https:\/\/altguide.com\/wp-content\/uploads\/2022\/05\/leovegas-mobile-for-android-300x164.png 300w, https:\/\/altguide.com\/wp-content\/uploads\/2022\/05\/leovegas-mobile-for-android-768x420.png 768w\" sizes=\"(max-width: 904px) 100vw, 904px\" title=\"\"><figcaption>Aplicativo LeoVegas para Android<\/figcaption><\/figure><\/div>\n\n<p>O aplicativo \u00e9 uma \u00f3tima solu\u00e7\u00e3o para desenvolvedores de sites e jogadores quando se trata de melhorar a acessibilidade do site. Tamb\u00e9m mostra que a empresa se preocupa com seus usu\u00e1rios e quer tornar a experi\u00eancia de uso da plataforma a mais agrad\u00e1vel poss\u00edvel.<\/p>\n\n<h2>Recursos do aplicativo<\/h2>\n\n<p>Muitas casas de apostas modernas podem se gabar de ter um aplicativo m\u00f3vel, realmente n\u00e3o surpreende ningu\u00e9m hoje em dia. No entanto, a coisa surpreendente sobre o aplicativo LeoVegas \u00e9 que ele se tornou um vencedor do pr\u00eamio &#8220;Melhor aplicativo nativo&#8221; da EGR Marketing and Innovation. Verificamos e realmente tem alguns recursos dignos de sua aten\u00e7\u00e3o. Vamos ver o que eles s\u00e3o.<\/p>\n\n<h3>Compatibilidade<\/h3>\n\n<div class=\"wp-block-media-text alignwide has-media-on-the-right is-stacked-on-mobile\" style=\"grid-template-columns:auto 33%\"><figure class=\"wp-block-media-text__media\"><img loading=\"lazy\" width=\"637\" height=\"1024\" src=\"https:\/\/altguide.com\/wp-content\/uploads\/2022\/05\/photo_2022-05-06-00.33.45-637x1024.jpeg\" alt=\"Aplicativo m\u00f3vel LeoVegas\n\n\" class=\"wp-image-283 size-full\" srcset=\"https:\/\/altguide.com\/wp-content\/uploads\/2022\/05\/photo_2022-05-06-00.33.45-637x1024.jpeg 637w, https:\/\/altguide.com\/wp-content\/uploads\/2022\/05\/photo_2022-05-06-00.33.45-187x300.jpeg 187w, https:\/\/altguide.com\/wp-content\/uploads\/2022\/05\/photo_2022-05-06-00.33.45-768x1235.jpeg 768w, https:\/\/altguide.com\/wp-content\/uploads\/2022\/05\/photo_2022-05-06-00.33.45.jpeg 796w\" sizes=\"(max-width: 637px) 100vw, 637px\" title=\"\"><\/figure><div class=\"wp-block-media-text__content\">\n<p>O aplicativo LeoVegas \u00e9 compat\u00edvel com a grande maioria dos dispositivos modernos, especialmente quando se trata de gadgets com software iOS ou Android. Funciona em todos os tipos de dispositivos, portanto, n\u00e3o importa se voc\u00ea prefere usar um celular ou tablet &#8211; o aplicativo ser\u00e1 carregado.<\/p>\n\n\n\n<p>Al\u00e9m disso, voc\u00ea n\u00e3o precisa seguir links enganosos ou baixar arquivos desconhecidos em algum lugar, pois pode encontrar facilmente o aplicativo oficial LeoVegas na AppStore e na Google Play Store. Tais mercados s\u00e3o conhecidos pela qualidade dos aplicativos que oferecem, pois tudo \u00e9 escrutinado quando um desenvolvedor aplica o design \u00e0s empresas. Portanto, voc\u00ea n\u00e3o precisa se preocupar com a seguran\u00e7a ou legitimidade deste aplicativo e pode come\u00e7ar a desfrutar do jogo assim que o download for conclu\u00eddo.<\/p>\n<\/div><\/div>\n\n<h3>Entretenimento<\/h3>\n\n<p>As formas de entretenimento que o aplicativo oferece s\u00e3o m\u00faltiplas. Tem todas as principais op\u00e7\u00f5es de entretenimento dispon\u00edveis para os jogadores na vers\u00e3o completa do site oficial. Os clientes da LeoVegas podem jogar jogos de cassino e fazer apostas diretamente no aplicativo. \u00c9 t\u00e3o f\u00e1cil quanto a vers\u00e3o para desktop, e tudo funciona sem bugs ou atrasos.<br\/>Voc\u00ea pode fazer apostas esportivas em futebol, t\u00eanis, rugby, cr\u00edquete, etc. E mais: voc\u00ea pode escolher se quer fazer apostas pr\u00e9-jogo, apostas ao vivo ou tudo de uma vez. A casa de apostas d\u00e1-lhe a liberdade de decidir por si mesmo, sem colocar quaisquer restri\u00e7\u00f5es.<\/p>\n\n<p>No entanto, o que torna o LeoVegas t\u00e3o popular quanto \u00e9 hoje \u00e9 sua enorme sele\u00e7\u00e3o de v\u00e1rios jogos de cassino, como roleta, m\u00e1quinas ca\u00e7a-n\u00edqueis conhecidas, jogos de cartas de todos os tipos e muito mais. Existem literalmente mais de 2.000 jogos diferentes, e cada um deles tem um \u00f3timo design e jogabilidade emocionante. E todos esses jogos j\u00e1 est\u00e3o dispon\u00edveis no aplicativo LeoVegas. J\u00e1 imaginou que cada uma dessas aventuras incr\u00edveis pode acontecer diretamente no seu celular ou tablet a qualquer hora e em qualquer lugar? Bem, voc\u00ea ter\u00e1 que, porque \u00e9 verdade.<\/p>\n\n<p>Voc\u00ea precisa dar permiss\u00e3o ao seu smartphone para baixar programas de fontes desconhecidas:<\/p>\n\n<blockquote class=\"wp-block-quote\"><p><strong>Card\u00e1pio&gt; Defini\u00e7\u00f5es&gt; Seguran\u00e7a&gt; Origens desconhecidas<\/strong><\/p><\/blockquote>\n\n<p>E agora vamos torn\u00e1-lo ainda maior e dizer-lhe que tamb\u00e9m h\u00e1 uma se\u00e7\u00e3o especial de jogos de cassino ao vivo que tamb\u00e9m \u00e9 oferecida no aplicativo. Voc\u00ea pode lig\u00e1-lo em seu dispositivo favorito e imediatamente se encontrar em um lobby de cassino que leva \u00e0 sala cheia de tilintar de dinheiro, sussurros silenciosos de jogadores ao redor da mesa de roleta e a atmosfera geral de emo\u00e7\u00e3o absoluta. Participe agora e prometemos que voc\u00ea vai se divertir.<\/p>\n\n<div class=\"wp-block-image\"><figure class=\"aligncenter size-large is-resized\"><img loading=\"lazy\" src=\"http:\/\/altguide.com\/wp-content\/uploads\/2022\/05\/photo_2022-05-06-00.33.46-717x1024.jpeg\" alt=\"Fa&#xE7;a login na sua conta atrav&#xE9;s do aplicativo m&#xF3;vel\" class=\"wp-image-286\" width=\"407\" height=\"582\" srcset=\"https:\/\/altguide.com\/wp-content\/uploads\/2022\/05\/photo_2022-05-06-00.33.46-717x1024.jpeg 717w, https:\/\/altguide.com\/wp-content\/uploads\/2022\/05\/photo_2022-05-06-00.33.46-210x300.jpeg 210w, https:\/\/altguide.com\/wp-content\/uploads\/2022\/05\/photo_2022-05-06-00.33.46-768x1097.jpeg 768w, https:\/\/altguide.com\/wp-content\/uploads\/2022\/05\/photo_2022-05-06-00.33.46.jpeg 828w\" sizes=\"(max-width: 407px) 100vw, 407px\" title=\"\"><figcaption>Fa\u00e7a login na sua conta atrav\u00e9s do aplicativo m\u00f3vel<\/figcaption><\/figure><\/div>\n\n<h2>Vers\u00e3o m\u00f3vel<\/h2>\n\n<p>Caso voc\u00ea n\u00e3o tenha espa\u00e7o de armazenamento suficiente no seu dispositivo ou haja outros motivos pelos quais voc\u00ea n\u00e3o pode baixar o aplicativo LeoVegas agora, n\u00e3o se preocupe &#8211; voc\u00ea ainda pode entrar no jogo. Est\u00e1 facilmente dispon\u00edvel atrav\u00e9s da vers\u00e3o m\u00f3vel do site, que pode ser acessada com um navegador como Safari ou Chrome. Voc\u00ea pode fazer isso em qualquer dispositivo com sistema iOS, Android ou Windows.<\/p>\n\n<p>Para isso, abra seu navegador, digite www leovegas com e carregue o site. Aqui voc\u00ea tamb\u00e9m poder\u00e1 fazer apostas e desfrutar de jogos de cassino de qualquer tipo. A plataforma possui uma vers\u00e3o m\u00f3vel grande e bem projetada. No entanto, ainda sugerimos verificar o aplicativo m\u00f3vel, pois \u00e9 mais f\u00e1cil, conveniente e f\u00e1cil de usar.<\/p>\n\n<h2>Impress\u00e3o geral do aplicativo LeoVegas<\/h2>\n\n<p>Assim que voc\u00ea abre o aplicativo, voc\u00ea \u00e9 recebido por uma interface atraente e colorida que o convida imediatamente a se juntar \u00e0 comunidade e iniciar o jogo. As divers\u00f5es s\u00e3o in\u00fameras, e voc\u00ea vai precisar de muito tempo para assistir pelo menos metade delas. Existem jogos cl\u00e1ssicos e novos, ent\u00e3o voc\u00ea certamente encontrar\u00e1 algo ao seu gosto.<\/p>\n\n<p>Analisamos as an\u00e1lises e coment\u00e1rios de outros jogadores e, embora alguns deles tenham informado os jogadores sobre bugs raros, a maioria parece satisfeita com o aplicativo LeoVegas. Voc\u00ea mesmo pode ler os coment\u00e1rios, eles est\u00e3o dispon\u00edveis online.<\/p>\n\n<p>Fora isso, \u00e9 incr\u00edvel como \u00e9 incrivelmente f\u00e1cil baixar o aplicativo LeoVegas &#8211; basta acessar o mercado de aplicativos do seu telefone e digitar LeoVegas para ver o \u00edcone amig\u00e1vel familiar. Aqui est\u00e3o tamb\u00e9m alguns outros benef\u00edcios apresentados na tabela abaixo.<\/p>\n\n<figure class=\"wp-block-table\"><table><tbody><tr><td class=\"has-text-align-center\" data-align=\"center\">Compatibilidade<\/td><td class=\"has-text-align-center\" data-align=\"center\">iOS, Android<\/td><\/tr><tr><td class=\"has-text-align-center\" data-align=\"center\">Vers\u00e3o m\u00f3vel<\/td><td class=\"has-text-align-center\" data-align=\"center\">+<\/td><\/tr><tr><td class=\"has-text-align-center\" data-align=\"center\">Pre\u00e7o do aplicativo<\/td><td class=\"has-text-align-center\" data-align=\"center\">Livre<\/td><\/tr><tr><td class=\"has-text-align-center\" data-align=\"center\">Dep\u00f3sito e Retirada<\/td><td class=\"has-text-align-center\" data-align=\"center\">Dispon\u00edvel<\/td><\/tr><tr><td class=\"has-text-align-center\" data-align=\"center\">Centro de servi\u00e7o<\/td><td class=\"has-text-align-center\" data-align=\"center\">24\/7<\/td><\/tr><\/tbody><\/table><\/figure>\n\n<p>Esta \u00e9 sua chance \u00fanica de experimentar o novo aplicativo LeoVegas e ver por si mesmo por que recebeu o pr\u00eamio de &#8220;Melhor Aplicativo Nativo&#8221;. Baixe, jogue e compartilhe sua experi\u00eancia em uma revis\u00e3o honesta. Vamos nos certificar de l\u00ea-lo e manter o artigo atualizado.<\/p>\n","protected":false},"excerpt":{"rendered":"<p>Aplicativo LeoVegas: introdu\u00e7\u00e3o LeoVegas \u00e9 uma popular casa de apostas online conhecida em todo o mundo. O site oficial est\u00e1 dispon\u00edvel em v\u00e1rios idiomas, para que qualquer usu\u00e1rio que o visite se sinta confort\u00e1vel ao usar a plataforma. Est\u00e1 dispon\u00edvel em ingl\u00eas, italiano, espanhol, alem\u00e3o, noruegu\u00eas e muitos outros idiomas. No entanto, a variedade lingu\u00edstica &hellip;<\/p>\n","protected":false},"author":1,"featured_media":0,"parent":0,"menu_order":0,"comment_status":"closed","ping_status":"closed","template":"","meta":{"inline_featured_image":false},"amp_enabled":true,"_links":{"self":[{"href":"https:\/\/altguide.com\/pt-br\/wp-json\/wp\/v2\/pages\/288"}],"collection":[{"href":"https:\/\/altguide.com\/pt-br\/wp-json\/wp\/v2\/pages"}],"about":[{"href":"https:\/\/altguide.com\/pt-br\/wp-json\/wp\/v2\/types\/page"}],"author":[{"embeddable":true,"href":"https:\/\/altguide.com\/pt-br\/wp-json\/wp\/v2\/users\/1"}],"replies":[{"embeddable":true,"href":"https:\/\/altguide.com\/pt-br\/wp-json\/wp\/v2\/comments?post=288"}],"version-history":[{"count":1,"href":"https:\/\/altguide.com\/pt-br\/wp-json\/wp\/v2\/pages\/288\/revisions"}],"predecessor-version":[{"id":295,"href":"https:\/\/altguide.com\/pt-br\/wp-json\/wp\/v2\/pages\/288\/revisions\/295"}],"wp:attachment":[{"href":"https:\/\/altguide.com\/pt-br\/wp-json\/wp\/v2\/media?parent=288"}],"curies":[{"name":"wp","href":"https:\/\/api.w.org\/{rel}","templated":true}]}}