{"id":292,"date":"2022-05-05T20:17:55","date_gmt":"2022-05-05T20:17:55","guid":{"rendered":"https:\/\/altguide.com\/leovegas-faca-o-login-e-faca-parte-do-orgulho\/"},"modified":"2022-05-06T11:51:15","modified_gmt":"2022-05-06T11:51:15","slug":"leovegas-faca-o-login-e-faca-parte-do-orgulho","status":"publish","type":"page","link":"https:\/\/altguide.com\/pt-br\/leovegas-faca-o-login-e-faca-parte-do-orgulho\/","title":{"rendered":"LeoVegas &#8211; fa\u00e7a o login e fa\u00e7a parte do orgulho"},"content":{"rendered":"\n<h2>Login LeoVegas &#8211; quais oportunidades ele oferece?<\/h2>\n\n<p>Existem muitas boas casas de apostas hoje em dia. Os desenvolvedores est\u00e3o se esfor\u00e7ando para fornecer as melhores condi\u00e7\u00f5es de jogo para seus usu\u00e1rios e criar as op\u00e7\u00f5es de entretenimento mais emocionantes. No entanto, esta n\u00e3o \u00e9 a \u00fanica coisa que pode influenciar positivamente os clientes e deixar \u00f3timas impress\u00f5es.<\/p>\n\n<div class=\"wp-block-image\"><figure class=\"aligncenter size-full\"><img loading=\"lazy\" width=\"953\" height=\"599\" src=\"http:\/\/altguide.com\/wp-content\/uploads\/2022\/05\/leovegas-main-1.png\" alt=\"site oficial do cassino leovegas\" class=\"wp-image-169\" srcset=\"https:\/\/altguide.com\/wp-content\/uploads\/2022\/05\/leovegas-main-1.png 953w, https:\/\/altguide.com\/wp-content\/uploads\/2022\/05\/leovegas-main-1-300x189.png 300w, https:\/\/altguide.com\/wp-content\/uploads\/2022\/05\/leovegas-main-1-768x483.png 768w\" sizes=\"(max-width: 953px) 100vw, 953px\" title=\"\"><figcaption>Benef\u00edcios do Leo Vegas<\/figcaption><\/figure><\/div>\n\n<p>A outra caracter\u00edstica importante \u00e9 a comunidade de jogos. \u00c9 crucial que as pessoas sintam que pertencem a algo maior e maior do que elas mesmas. Os criadores do <a href=\"https:\/\/altguide.com\/pt-br\/\" data-type=\"page\" data-id=\"6\">LeoVegas<\/a> conhecem essa necessidade humana e tentaram implementar alguns recursos que permitem que seus clientes experimentem emo\u00e7\u00f5es positivas.<\/p>\n\n<p>Em primeiro lugar, os desenvolvedores do LeoVegas se certificaram de criar uma plataforma confi\u00e1vel na qual todos os usu\u00e1rios possam confiar. Ele iniciou seu neg\u00f3cio em 2018 e rapidamente recebeu v\u00e1rios pr\u00eamios em indica\u00e7\u00f5es relacionadas a jogos de azar. <strong>LeoVegas<\/strong> \u00e9 o vencedor de Operador de Apostas Esportivas de 2018 e Cassino Online do Ano de 2019. Significa que a empresa est\u00e1 realmente interessada em criar uma boa plataforma, desenvolvendo todas as categorias de entretenimento online.<\/p>\n\n<h2>Op\u00e7\u00f5es de jogo<\/h2>\n\n<p>O site tem duas categorias principais de entretenimento. A primeira \u00e9 a se\u00e7\u00e3o mais popular da plataforma e \u00e9 um cassino online. www leovegas oferece uma grande variedade de jogos de cassino, como ca\u00e7a-n\u00edqueis, jackpots, roleta, esportes virtuais e muito mais. Existem mais de 2.000 jogos de cassino, ent\u00e3o qualquer um pode selecionar algo relevante para seus interesses e objetivos.<\/p>\n\n<p>Caso voc\u00ea esteja se sentindo sobrecarregado com o grande n\u00famero de possibilidades, os criadores do site coletaram os jogos mais populares e mais novos em duas se\u00e7\u00f5es separadas. Voc\u00ea pode assisti-los e certamente encontrar\u00e1 algo do seu agrado.<\/p>\n\n<p>A pr\u00f3xima se\u00e7\u00e3o \u00e9 a de apostas esportivas online. Voc\u00ea pode apostar tanto no pr\u00e9-jogo quanto ao vivo. <\/p>\n\n<blockquote class=\"wp-block-quote\"><p>Basta olhar para os eventos e selecionar algo que lhe interessa. As op\u00e7\u00f5es dispon\u00edveis mais populares s\u00e3o cr\u00edquete, t\u00eanis e futebol.<\/p><\/blockquote>\n\n<h2>LeoVegas &#8211; fa\u00e7a o login e cadastre-se<\/h2>\n\n<p>Ent\u00e3o, voc\u00ea j\u00e1 est\u00e1 animado para se juntar a uma comunidade t\u00e3o legal com op\u00e7\u00f5es de entretenimento impressionantes e \u00f3timos servi\u00e7os em todo o site? N\u00f3s pensamos nisso! Para se tornar um membro do clube e obter algumas oportunidades incr\u00edveis dispon\u00edveis para usu\u00e1rios registrados, voc\u00ea precisa criar uma conta no site e se registrar. Preparamos as breves instru\u00e7\u00f5es para tornar o processo o mais f\u00e1cil e conveniente poss\u00edvel para voc\u00ea. Vamos ver o que \u00e9.<\/p>\n\n<h3>Cadastro<\/h3>\n\n<p>O processo de registro \u00e9 muito simples e n\u00e3o leva muito tempo, ent\u00e3o voc\u00ea poder\u00e1 faz\u00ea-lo bem r\u00e1pido, especialmente com o pequeno manual que preparamos para voc\u00ea.<\/p>\n\n<div class=\"wp-block-image\"><figure class=\"aligncenter size-full\"><img loading=\"lazy\" width=\"839\" height=\"681\" src=\"http:\/\/altguide.com\/wp-content\/uploads\/2022\/05\/leovegas-registration-1.png\" alt=\"Primeira fase de cadastro\" class=\"wp-image-217\" srcset=\"https:\/\/altguide.com\/wp-content\/uploads\/2022\/05\/leovegas-registration-1.png 839w, https:\/\/altguide.com\/wp-content\/uploads\/2022\/05\/leovegas-registration-1-300x244.png 300w, https:\/\/altguide.com\/wp-content\/uploads\/2022\/05\/leovegas-registration-1-768x623.png 768w\" sizes=\"(max-width: 839px) 100vw, 839px\" title=\"\"><figcaption>Registro do primeiro passo<\/figcaption><\/figure><\/div>\n\n<p>Como criar uma conta Leo Vegas e fazer login?<\/p>\n\n<ol><li>Visite o site (pode ser literalmente qualquer p\u00e1gina) e encontre o bot\u00e3o verde que diz &#8220;Abra uma conta&#8221;. Ele est\u00e1 localizado no canto superior direito do site. Ao encontr\u00e1-lo, clique nele.<\/li><li>Depois disso, ser\u00e3o oferecidas duas op\u00e7\u00f5es principais de registro: voc\u00ea pode criar uma conta usando seu perfil do Google ou Facebook ou continuar com a op\u00e7\u00e3o de entrada de dados.<\/li><li>Se voc\u00ea quiser usar o primeiro m\u00e9todo, clique na m\u00eddia que deseja vincular \u00e0 sua conta LeoVegas e clique em seu \u00edcone. Depois disso, insira seus dados de acesso \u00e0 m\u00eddia e aceite o acesso da LeoVegas \u00e0 conta.<\/li><li>Se voc\u00ea deseja se registrar atrav\u00e9s do endere\u00e7o de e-mail, \u00e9 necess\u00e1rio inserir um e-mail v\u00e1lido no campo, encontrar uma senha segura composta por letras, n\u00fameros e um caractere especial. Em seguida, selecione o c\u00f3digo de telefone do pa\u00eds e digite seu n\u00famero de telefone.<\/li><li>Clique em &#8220;Pr\u00f3ximo passo&#8221;.<\/li><li>L\u00e1 voc\u00ea ter\u00e1 que fornecer alguns dados pessoais. No entanto, n\u00e3o se preocupe, o site \u00e9 criptografado com seguran\u00e7a e todos os dados s\u00e3o completamente seguros. Digite seu nome e sobrenome como est\u00e1 escrito em seu ID. Em seguida, selecione o pa\u00eds de origem, seu endere\u00e7o, data de nascimento e seu sexo.<\/li><li>Marque as caixas necess\u00e1rias confirmando que voc\u00ea leu os termos e condi\u00e7\u00f5es e que concorda com as regras. Voc\u00ea tamb\u00e9m pode se inscrever para atualiza\u00e7\u00f5es de casas de apostas por telefone, SMS, e-mail ou tudo em um para ser o primeiro a ver not\u00edcias interessantes, b\u00f4nus exclusivos e eventos futuros.<\/li><li>Clique em &#8221; <strong>Enviar e Concluir<\/strong> &#8220;.<\/li><li>Verifique sua conta via telefone celular ou uma carta para e-mail fornecida.<\/li><\/ol>\n\n<p><a href=\"https:\/\/altguide.com\/pt-br\/\" data-type=\"page\" data-id=\"6\">Aproveite o jogo!<\/a><\/p>\n\n<div class=\"wp-block-image\"><figure class=\"aligncenter size-full\"><img loading=\"lazy\" width=\"841\" height=\"640\" src=\"http:\/\/altguide.com\/wp-content\/uploads\/2022\/05\/leovegas-registration-2.png\" alt=\"Segunda fase de inscri&#xE7;&#xE3;o no LeoVegas\" class=\"wp-image-214\" srcset=\"https:\/\/altguide.com\/wp-content\/uploads\/2022\/05\/leovegas-registration-2.png 841w, https:\/\/altguide.com\/wp-content\/uploads\/2022\/05\/leovegas-registration-2-300x228.png 300w, https:\/\/altguide.com\/wp-content\/uploads\/2022\/05\/leovegas-registration-2-768x584.png 768w\" sizes=\"(max-width: 841px) 100vw, 841px\" title=\"\"><figcaption>Continue a inserir os dados pessoais do jogador<\/figcaption><\/figure><\/div>\n\n<h3>Detalhes do registro<\/h3>\n\n<p>Al\u00e9m dos recursos de registro padr\u00e3o, como criar uma senha e fornecer alguns de seus detalhes, tamb\u00e9m h\u00e1 alguns atributos adicionais oferecidos aos usu\u00e1rios.<\/p>\n\n<p>A primeira coisa n\u00e3o \u00e9 novidade, por\u00e9m diz muito sobre a casa de apostas e como ela \u00e9 \u00f3tima quando se trata de cuidar de seus usu\u00e1rios.<\/p>\n\n<p>Esta \u00e9 a oportunidade de selecionar um b\u00f4nus de boas-vindas que \u00e9 obtido ap\u00f3s a conclus\u00e3o do processo de registro. <\/p>\n\n<p>Existem duas op\u00e7\u00f5es de b\u00f4nus dispon\u00edveis:<\/p>\n\n<ul><li>B\u00f4nus de cassino. A casa de apostas generosamente lhe dar\u00e1 os 1000 EUR adicionais ap\u00f3s fazer seu primeiro dep\u00f3sito no site. O dinheiro pode ser gasto jogando qualquer jogo de cassino que possa lhe interessar. Voc\u00ea ter\u00e1 duas semanas ap\u00f3s criar uma conta para depositar e reivindicar o b\u00f4nus.<\/li><li>B\u00f4nus de apostas esportivas. Este b\u00f4nus ser\u00e1 dado a voc\u00ea depois de fazer seu primeiro dep\u00f3sito de mais de 10 euros. A casa de apostas d\u00e1-lhe at\u00e9 100 euros em apostas desportivas no site. Pode ser tanto pr\u00e9-jogo quanto apostas ao vivo, ent\u00e3o voc\u00ea n\u00e3o precisa se preocupar com nada.<\/li><\/ul>\n\n<figure class=\"wp-block-image\"><img alt=\"\"\/><\/figure>\n\n<p>O segundo recurso interessante \u00e9 a capacidade de definir um limite de sess\u00e3o. Antes de clicar no bot\u00e3o &#8220;Pr\u00f3ximo passo&#8221;, voc\u00ea pode encontrar uma pequena barra abaixo dele, onde voc\u00ea pode selecionar um limite de sess\u00e3o, se necess\u00e1rio. As op\u00e7\u00f5es variam de 1 a 16 horas. Dependendo desse hor\u00e1rio, quando a sess\u00e3o terminar, o usu\u00e1rio ser\u00e1 desconectado da conta. \u00c9 uma \u00f3tima op\u00e7\u00e3o para quem quer jogar com mais responsabilidade e poder parar quando precisar. Muitas casas de apostas est\u00e3o come\u00e7ando a prestar mais aten\u00e7\u00e3o ao jogo respons\u00e1vel, no entanto, a LeoVegas \u00e9 uma das poucas que deu um grande passo para criar uma plataforma absolutamente segura.<\/p>\n\n<div class=\"wp-block-image\"><figure class=\"aligncenter size-full\"><img loading=\"lazy\" width=\"828\" height=\"347\" src=\"http:\/\/altguide.com\/wp-content\/uploads\/2022\/05\/leovegas-password.jpeg\" alt=\"Formul&#xE1;rio de recupera&#xE7;&#xE3;o de senha\" class=\"wp-image-277\" srcset=\"https:\/\/altguide.com\/wp-content\/uploads\/2022\/05\/leovegas-password.jpeg 828w, https:\/\/altguide.com\/wp-content\/uploads\/2022\/05\/leovegas-password-300x126.jpeg 300w, https:\/\/altguide.com\/wp-content\/uploads\/2022\/05\/leovegas-password-768x322.jpeg 768w\" sizes=\"(max-width: 828px) 100vw, 828px\" title=\"\"><figcaption>Esqueceu sua senha?<\/figcaption><\/figure><\/div>\n\n<h2>Login LeoVegas<\/h2>\n\n<p>Caso voc\u00ea j\u00e1 tenha uma conta ou tenha acabado de criar uma, aqui est\u00e1 uma breve descri\u00e7\u00e3o do processo de login. Para isso, acesse qualquer p\u00e1gina do site da LeoVegas e clique no bot\u00e3o de login (ele \u00e9 laranja e fica ao lado do bot\u00e3o de cadastro). Depois disso, dependendo do m\u00e9todo de registro que voc\u00ea seguiu, voc\u00ea pode usar as m\u00eddias sociais conectadas (clique no \u00edcone do Google ou Facebook) ou digite seu e-mail e senha.<\/p>\n\n<div class=\"wp-block-image\"><figure class=\"aligncenter size-full is-resized\"><img loading=\"lazy\" src=\"http:\/\/altguide.com\/wp-content\/uploads\/2022\/05\/leovegas-login.jpeg\" alt=\"leovegas-login\" class=\"wp-image-280\" width=\"-14\" height=\"-14\" srcset=\"https:\/\/altguide.com\/wp-content\/uploads\/2022\/05\/leovegas-login.jpeg 494w, https:\/\/altguide.com\/wp-content\/uploads\/2022\/05\/leovegas-login-300x300.jpeg 300w, https:\/\/altguide.com\/wp-content\/uploads\/2022\/05\/leovegas-login-150x150.jpeg 150w\" sizes=\"(max-width: 494px) 100vw, 494px\" title=\"\"><figcaption>Leovegas entrar<\/figcaption><\/figure><\/div>\n\n<p>Tamb\u00e9m pode acontecer que de repente voc\u00ea tenha esquecido ou perdido sua senha. N\u00e3o se preocupe, voc\u00ea pode facilmente recuperar os dados ou redefinir as informa\u00e7\u00f5es de identifica\u00e7\u00e3o. Basta clicar na palavra &#8220;Senha perdida&#8221;, localizada abaixo do bot\u00e3o de login.<\/p>\n\n<p>Como voc\u00ea pode ver, \u00e9 f\u00e1cil fazer login e participar da grande comunidade e se divertir. Boa sorte!<\/p>\n","protected":false},"excerpt":{"rendered":"<p>Login LeoVegas &#8211; quais oportunidades ele oferece? Existem muitas boas casas de apostas hoje em dia. Os desenvolvedores est\u00e3o se esfor\u00e7ando para fornecer as melhores condi\u00e7\u00f5es de jogo para seus usu\u00e1rios e criar as op\u00e7\u00f5es de entretenimento mais emocionantes. No entanto, esta n\u00e3o \u00e9 a \u00fanica coisa que pode influenciar positivamente os clientes e deixar &hellip;<\/p>\n","protected":false},"author":1,"featured_media":0,"parent":0,"menu_order":0,"comment_status":"closed","ping_status":"closed","template":"","meta":{"inline_featured_image":false},"amp_enabled":true,"_links":{"self":[{"href":"https:\/\/altguide.com\/pt-br\/wp-json\/wp\/v2\/pages\/292"}],"collection":[{"href":"https:\/\/altguide.com\/pt-br\/wp-json\/wp\/v2\/pages"}],"about":[{"href":"https:\/\/altguide.com\/pt-br\/wp-json\/wp\/v2\/types\/page"}],"author":[{"embeddable":true,"href":"https:\/\/altguide.com\/pt-br\/wp-json\/wp\/v2\/users\/1"}],"replies":[{"embeddable":true,"href":"https:\/\/altguide.com\/pt-br\/wp-json\/wp\/v2\/comments?post=292"}],"version-history":[{"count":1,"href":"https:\/\/altguide.com\/pt-br\/wp-json\/wp\/v2\/pages\/292\/revisions"}],"predecessor-version":[{"id":297,"href":"https:\/\/altguide.com\/pt-br\/wp-json\/wp\/v2\/pages\/292\/revisions\/297"}],"wp:attachment":[{"href":"https:\/\/altguide.com\/pt-br\/wp-json\/wp\/v2\/media?parent=292"}],"curies":[{"name":"wp","href":"https:\/\/api.w.org\/{rel}","templated":true}]}}