{"id":980,"date":"2022-10-03T11:10:07","date_gmt":"2022-10-03T11:10:07","guid":{"rendered":"https:\/\/altguide.com\/?page_id=980"},"modified":"2022-10-03T19:24:25","modified_gmt":"2022-10-03T19:24:25","slug":"servico-ao-cliente-do-leovegas-casino","status":"publish","type":"page","link":"https:\/\/altguide.com\/pt-br\/servico-ao-cliente-do-leovegas-casino\/","title":{"rendered":"Servi\u00e7o ao cliente do LeoVegas Casino"},"content":{"rendered":"\n<p>Para quaisquer d\u00favidas, os jogadores <a href=\"https:\/\/altguide.com\/pt-br\/\" data-type=\"page\" data-id=\"300\">LeoVegas<\/a> registrados podem entrar em contato com o suporte. Eles est\u00e3o dispon\u00edveis 24 horas por dia, 7 dias por semana.<\/p>\n\n\n<div class=\"wp-block-image\">\n<figure class=\"aligncenter size-full\"><img loading=\"lazy\" width=\"911\" height=\"503\" src=\"http:\/\/altguide.com\/wp-content\/uploads\/2022\/10\/leovegas-br-support.png\" alt=\"support\" class=\"wp-image-981\" srcset=\"https:\/\/altguide.com\/wp-content\/uploads\/2022\/10\/leovegas-br-support.png 911w, https:\/\/altguide.com\/wp-content\/uploads\/2022\/10\/leovegas-br-support-300x166.png 300w, https:\/\/altguide.com\/wp-content\/uploads\/2022\/10\/leovegas-br-support-768x424.png 768w\" sizes=\"(max-width: 911px) 100vw, 911px\" title=\"\"><\/figure><\/div>\n\n\n<blockquote class=\"wp-block-quote\"><p>A melhor op\u00e7\u00e3o \u00e9 visitar a p\u00e1gina do Centro de Ajuda Leo Vegas.<\/p><\/blockquote>\n\n\n\n<p>Nesta p\u00e1gina, o jogador pode encontrar qualquer resposta. As categorias de perguntas mais frequentes<\/p>\n\n\n\n<ul><li>Como retirar os ganhos<\/li><li>Recupera\u00e7\u00e3o de conta<\/li><li>Problemas com dinheiro na conta<\/li><li>Perguntas sobre b\u00f4nus e presentes<\/li><li>Bloqueio de conta.<\/li><\/ul>\n\n\n\n<p>Todas as perguntas s\u00e3o categorizadas como apostas esportivas, cassino, ao vivo e outras.<\/p>\n\n\n\n<blockquote class=\"wp-block-quote\"><p>LeoVegas n\u00e3o disp\u00f5e de suporte telef\u00f4nico ao cliente.<\/p><\/blockquote>\n\n\n\n<p>Uma sala de bate-papo on-line com suporte est\u00e1 dispon\u00edvel para os jogadores. Descreva seu problema. Um especialista entrar\u00e1 em contato com voc\u00ea o mais r\u00e1pido poss\u00edvel.<\/p>\n\n\n\n<blockquote class=\"wp-block-quote\"><p>O chat on-line tamb\u00e9m est\u00e1 dispon\u00edvel no aplicativo m\u00f3vel.<\/p><\/blockquote>\n\n\n\n<h2>Email<\/h2>\n\n\n\n<p>ajuda-br@leovegas.com<\/p>\n","protected":false},"excerpt":{"rendered":"<p>Para quaisquer d\u00favidas, os jogadores LeoVegas registrados podem entrar em contato com o suporte. Eles est\u00e3o dispon\u00edveis 24 horas por dia, 7 dias por semana. A melhor op\u00e7\u00e3o \u00e9 visitar a p\u00e1gina do Centro de Ajuda Leo Vegas. Nesta p\u00e1gina, o jogador pode encontrar qualquer resposta. As categorias de perguntas mais frequentes Como retirar os &hellip;<\/p>\n","protected":false},"author":1,"featured_media":0,"parent":0,"menu_order":0,"comment_status":"closed","ping_status":"closed","template":"","meta":{"inline_featured_image":false},"amp_enabled":true,"_links":{"self":[{"href":"https:\/\/altguide.com\/pt-br\/wp-json\/wp\/v2\/pages\/980"}],"collection":[{"href":"https:\/\/altguide.com\/pt-br\/wp-json\/wp\/v2\/pages"}],"about":[{"href":"https:\/\/altguide.com\/pt-br\/wp-json\/wp\/v2\/types\/page"}],"author":[{"embeddable":true,"href":"https:\/\/altguide.com\/pt-br\/wp-json\/wp\/v2\/users\/1"}],"replies":[{"embeddable":true,"href":"https:\/\/altguide.com\/pt-br\/wp-json\/wp\/v2\/comments?post=980"}],"version-history":[{"count":1,"href":"https:\/\/altguide.com\/pt-br\/wp-json\/wp\/v2\/pages\/980\/revisions"}],"predecessor-version":[{"id":987,"href":"https:\/\/altguide.com\/pt-br\/wp-json\/wp\/v2\/pages\/980\/revisions\/987"}],"wp:attachment":[{"href":"https:\/\/altguide.com\/pt-br\/wp-json\/wp\/v2\/media?parent=980"}],"curies":[{"name":"wp","href":"https:\/\/api.w.org\/{rel}","templated":true}]}}