{"id":1007,"date":"2022-10-03T10:54:15","date_gmt":"2022-10-03T10:54:15","guid":{"rendered":"https:\/\/altguide.com\/?page_id=1007"},"modified":"2022-10-03T19:59:42","modified_gmt":"2022-10-03T19:59:42","slug":"ansvarsfullt-spelande","status":"publish","type":"page","link":"https:\/\/altguide.com\/sv\/ansvarsfullt-spelande\/","title":{"rendered":"Ansvarsfullt spelande"},"content":{"rendered":"\n<p>Den h\u00e4r recensionen av <a href=\"https:\/\/altguide.com\/sv\/\" data-type=\"page\" data-id=\"904\">LeoVegas Casino<\/a> f\u00f6ljer principerna f\u00f6r ansvarsfullt spelande; vi har \u00e5tagit oss att f\u00f6rse dig med en spelmilj\u00f6 som f\u00f6ljer dessa principer. Vi uppmanar alla v\u00e5ra spelare att anv\u00e4nda v\u00e5ra tj\u00e4nster p\u00e5 ett ansvarsfullt s\u00e4tt.<\/p>\n\n\n\n<p>Att spela med mer pengar \u00e4n du har r\u00e5d att f\u00f6rlora eller att spendera mer tid \u00e4n vad du har t\u00e4nkt dig kan leda till problem. Genom att spela ansvarsfullt och s\u00e4kert kan du f\u00f6rebygga dessa problem. Nedan f\u00f6rklarar vi i detalj vad ansvarsfullt spelande \u00e4r, vad det inneb\u00e4r och hur du kan f\u00e5 hj\u00e4lp.<\/p>\n\n\n\n<h2>Vad \u00e4r spelberoende?<\/h2>\n\n\n\n<p>V\u00e5rt m\u00e5l \u00e4r att ber\u00e4tta om en rolig, trevlig och s\u00e4ker spelupplevelse. Men \u00e4ven den mest njutbara upplevelsen kan bli ett beroende om den inte stoppas. Spelst\u00f6rning (problemspelande) definierar ett beteende som orsakar funktionsneds\u00e4ttning. Spelberoende \u00e4r ett beroende som p\u00e5verkar b\u00e5de individen och samh\u00e4llet. F\u00f6rutom att den orsakar stora ekonomiska f\u00f6rluster f\u00f6rst\u00f6r den ocks\u00e5 familjer.<\/p>\n\n\n\n<p>Spelberoende som klinisk diagnos beskrevs f\u00f6r f\u00f6rsta g\u00e5ngen 1980. Alla spelare utvecklar inte ett beroende. En del spelar enbart p\u00e5 skoj, som en social aktivitet, och kan vara sj\u00e4lvf\u00f6rs\u00f6rjande. Problemspelande definieras som spelande med \u00f6kande frekvens och h\u00f6gre insatser trots skadliga konsekvenser. I spelberoende h\u00e4nf\u00f6r spelarna vinsterna till sina s\u00e4rskilda f\u00e4rdigheter och skyller f\u00f6rlusterna p\u00e5 otur. Dessutom forts\u00e4tter de att spela, oavsett om de vinner eller f\u00f6rlorar.<\/p>\n\n\n\n<p>Begreppet &#8221;spel&#8221; avser inte bara spel som spelas p\u00e5 kasinon. Till denna grupp h\u00f6r ocks\u00e5 h\u00e4stkappl\u00f6pning, spel och kortspel som spelas med insatser. Ju tidigare man b\u00f6rjar ut\u00f6va denna typ av verksamhet, desto st\u00f6rre \u00e4r risken f\u00f6r att utveckla ett beroende. Eftersom spelberoende inte visar sig genom fysiska symtom tar det tid att st\u00e4lla r\u00e4tt diagnos.<\/p>\n\n\n\n<p>Allt b\u00f6rjar n\u00e4r en person vinner mycket. Efter denna vinst dr\u00f6mmer spelaren st\u00e4ndigt om stora vinster och hans sj\u00e4lvf\u00f6rtroende v\u00e4xer. N\u00e4r den imagin\u00e4ra vinsten inte uppn\u00e5s tolererar personen inte f\u00f6rlusten och forts\u00e4tter att spela f\u00f6r mer pengar. Han kan s\u00e4lja alla sina tillg\u00e5ngar f\u00f6r att hitta pengar i denna f\u00f6rlustfas och\/eller helt f\u00f6rlora kontrollen. Problemen p\u00e5 jobbet och i familjen \u00f6kar och han kan till och med beg\u00e5 olaglig verksamhet. I slutfasen inser man att f\u00f6rlusterna aldrig kan \u00e5tervinnas. I detta skede uppst\u00e5r ytterligare problem och skador som \u00e4r f\u00f6rknippade med spelandet, s\u00e5som skilsm\u00e4ssa och alkoholkonsumtion.<\/p>\n\n\n\n<h2>Hur kan man undvika de skador som \u00e4r f\u00f6rknippade med spelande?<\/h2>\n\n\n\n<p>H\u00e4r \u00e4r n\u00e5gra tips om hur du kan g\u00f6ra spelandet s\u00e4krare:<\/p>\n\n\n\n<ul><li>Kom ih\u00e5g att spel inte \u00e4r ett s\u00e4tt att tj\u00e4na pengar.<\/li><li>Spela inte med pengar som du inte har r\u00e5d att f\u00f6rlora.<\/li><li>Om du \u00e4r p\u00e5 d\u00e5ligt hum\u00f6r ska du inte spela. Spela inte heller n\u00e4r du \u00e4r berusad.<\/li><li>L\u00e5t inte spelandet bli din enda hobby.<\/li><li>F\u00f6rs\u00f6k inte vinna mer genom att anv\u00e4nda strategier i casinospel. N\u00e4stan alla dessa strategier g\u00f6r att du f\u00f6rlorar mer p\u00e5 l\u00e5ng sikt.<\/li><\/ul>\n\n\n\n<p>Det finns flera verktyg f\u00f6r ansvarsfullt spelande som du kan anv\u00e4nda f\u00f6r att kontrollera dina spel- och vadslagningsvanor online. Dessa verktyg f\u00f6r ansvarsfullt spelande kan hj\u00e4lpa dig att s\u00e4tta gr\u00e4nser, ta en paus och\/eller flytta dig fr\u00e5n webbplatsen om det beh\u00f6vs.<\/p>\n\n\n\n<p>Det f\u00f6rsta steget till s\u00e4kert spelande \u00e4r att veta hur mycket du kan spendera och hur mycket du har r\u00e5d att f\u00f6rlora. Genom att s\u00e4tta gr\u00e4nser p\u00e5 b\u00e5da omr\u00e5dena kan du beh\u00e5lla kontrollen. S\u00e4tt d\u00e4rf\u00f6r f\u00f6rst upp gr\u00e4nser f\u00f6r din ins\u00e4ttning, dina insatser och dina f\u00f6rluster. Du kan vanligtvis st\u00e4lla in dagliga (uppdateras var 24:e timme), veckovisa eller m\u00e5natliga gr\u00e4nser f\u00f6r var och en av dessa parametrar.<\/p>\n\n\n\n<p>Det kan ocks\u00e5 vara anv\u00e4ndbart f\u00f6r att planera din speltid och h\u00e5lla reda p\u00e5 hur mycket tid du spenderar p\u00e5 webbplatsen. F\u00f6r att hj\u00e4lpa dig erbjuder de flesta operat\u00f6rer p\u00e5minnelseverktyg f\u00f6r spelande i verkligheten som visas regelbundet f\u00f6r att h\u00e5lla reda p\u00e5 hur mycket tid du spenderar p\u00e5 webbplatsen.<\/p>\n\n\n\n<p>Om du tycker att du beh\u00f6ver en paus kan du be din operat\u00f6r om det. Ditt konto kommer att blockeras tillf\u00e4lligt under den tid som din beg\u00e4ran g\u00e4ller. I slutet av den f\u00f6rl\u00e4ngda perioden avaktiveras ditt konto automatiskt.<\/p>\n\n\n\n<h2>Skydda minder\u00e5riga fr\u00e5n spel om pengar<\/h2>\n\n\n\n<blockquote class=\"wp-block-quote\"><p>Vi f\u00f6ljer en policy som f\u00f6rbjuder alla under 18 \u00e5r att spela.<\/p><\/blockquote>\n\n\n\n<p>Vi har \u00e5tagit oss att se till att alla spelare p\u00e5 v\u00e5r webbplats har laglig \u00e5lder. Ut\u00f6ver dessa insatser betonar vi att det ocks\u00e5 \u00e4r f\u00f6r\u00e4ldrarnas ansvar att se till att minder\u00e5riga inte spelar och vi uppmuntrar alla f\u00f6r\u00e4ldrar att vidta n\u00f6dv\u00e4ndiga \u00e5tg\u00e4rder f\u00f6r att skydda minder\u00e5riga fr\u00e5n spelande.<\/p>\n\n\n\n<p>Du kan anv\u00e4nda programvara som blockerar spelande och olika spelverktyg som NetNanny, GamBlock och GamBan f\u00f6r att f\u00f6rhindra att barn i din v\u00e5rd f\u00e5r tillg\u00e5ng till o\u00f6nskade webbplatser.<br>L\u00e4mna inte barn utan uppsikt framf\u00f6r en dator eller annan enhet som de kan anv\u00e4nda f\u00f6r att komma \u00e5t casinosidor.<br>Skydda ditt anv\u00e4ndarnamn och l\u00f6senord p\u00e5 kasinon online. Anv\u00e4nd inte alternativet &#8221;spara l\u00f6senordet&#8221; n\u00e4r du g\u00e5r in p\u00e5 casinosidor och logga alltid ut n\u00e4r du har spelat f\u00e4rdigt.<br>F\u00f6rvara dina kredit- och\/eller betalkort utom r\u00e4ckh\u00e5ll f\u00f6r minder\u00e5riga och ge dem inte dina bankuppgifter.<\/p>\n\n\n\n<h2>Hur kan jag bli av med spelberoende?<\/h2>\n\n\n\n<p>I studier om behandling av spelberoende har man konstaterat att l\u00e4kemedelsbehandling \u00e4r delvis effektiv. I n\u00e4rvaro av ytterligare psykiatriska st\u00f6rningar \u00f6kar effektiviteten av l\u00e4kemedelsbehandlingen. Kognitiv beteendeterapi, motiverande samtal och sj\u00e4lvhj\u00e4lpsgrupper (t.ex. Gamblers Anonymous) har visat sig vara s\u00e4rskilt effektiva bland psykoterapimetoderna. Dessutom kan begr\u00e4nsad tillg\u00e5ng till ekonomiska resurser (upps\u00e4gning av kreditkort, brist p\u00e5 kontanter osv.) avskr\u00e4cka m\u00e4nniskor fr\u00e5n att forts\u00e4tta spela. Att f\u00e5 hj\u00e4lp fr\u00e5n grupper som Anonyma spelare och delta i gruppterapi kan dessutom hj\u00e4lpa dig att spela p\u00e5 ett s\u00e4krare s\u00e4tt.<\/p>\n\n\n\n<h2>Programvara f\u00f6r blockering av spel<\/h2>\n\n\n\n<p>Det finns m\u00e5nga spelverktyg som kan anv\u00e4ndas b\u00e5de f\u00f6r att f\u00f6rhindra spelande f\u00f6r minder\u00e5riga och f\u00f6r att ge en s\u00e4krare spelupplevelse. Det mest effektiva av dessa verktyg \u00e4r programvara som blockerar spelande. Programvaran kan anv\u00e4ndas f\u00f6r att minska skadorna i samband med spelande och\/eller f\u00f6r att helt blockera tillg\u00e5ngen till vissa webbplatser.<\/p>\n\n\n\n<p>Detta \u00e4r f\u00f6rmodligen det viktigaste av alla tips f\u00f6r s\u00e4krare spelande. Om du \u00e4r orolig f\u00f6r att dina barn ska bes\u00f6ka casinosidor kan du anv\u00e4nda verktyg som blockerar dem. Det finns programvara som blockerar spel som kan anv\u00e4ndas gratis. De mest popul\u00e4ra \u00e4r <strong>GamBan, GamBlock, BetFILter, BetBlocker och NetNanny.<\/strong><\/p>\n","protected":false},"excerpt":{"rendered":"<p>Den h\u00e4r recensionen av LeoVegas Casino f\u00f6ljer principerna f\u00f6r ansvarsfullt spelande; vi har \u00e5tagit oss att f\u00f6rse dig med en spelmilj\u00f6 som f\u00f6ljer dessa principer. Vi uppmanar alla v\u00e5ra spelare att anv\u00e4nda v\u00e5ra tj\u00e4nster p\u00e5 ett ansvarsfullt s\u00e4tt. Att spela med mer pengar \u00e4n du har r\u00e5d att f\u00f6rlora eller att spendera mer tid \u00e4n &hellip;<\/p>\n","protected":false},"author":1,"featured_media":0,"parent":0,"menu_order":0,"comment_status":"closed","ping_status":"closed","template":"","meta":{"inline_featured_image":false},"amp_enabled":true,"_links":{"self":[{"href":"https:\/\/altguide.com\/sv\/wp-json\/wp\/v2\/pages\/1007"}],"collection":[{"href":"https:\/\/altguide.com\/sv\/wp-json\/wp\/v2\/pages"}],"about":[{"href":"https:\/\/altguide.com\/sv\/wp-json\/wp\/v2\/types\/page"}],"author":[{"embeddable":true,"href":"https:\/\/altguide.com\/sv\/wp-json\/wp\/v2\/users\/1"}],"replies":[{"embeddable":true,"href":"https:\/\/altguide.com\/sv\/wp-json\/wp\/v2\/comments?post=1007"}],"version-history":[{"count":1,"href":"https:\/\/altguide.com\/sv\/wp-json\/wp\/v2\/pages\/1007\/revisions"}],"predecessor-version":[{"id":1008,"href":"https:\/\/altguide.com\/sv\/wp-json\/wp\/v2\/pages\/1007\/revisions\/1008"}],"wp:attachment":[{"href":"https:\/\/altguide.com\/sv\/wp-json\/wp\/v2\/media?parent=1007"}],"curies":[{"name":"wp","href":"https:\/\/api.w.org\/{rel}","templated":true}]}}