{"id":997,"date":"2022-10-03T11:10:07","date_gmt":"2022-10-03T11:10:07","guid":{"rendered":"https:\/\/altguide.com\/?page_id=997"},"modified":"2022-10-03T19:41:43","modified_gmt":"2022-10-03T19:41:43","slug":"leovegas-casino-kundtjanst","status":"publish","type":"page","link":"https:\/\/altguide.com\/sv\/leovegas-casino-kundtjanst\/","title":{"rendered":"LeoVegas Casino kundtj\u00e4nst"},"content":{"rendered":"\n<p>Registrerade <a href=\"https:\/\/altguide.com\/sv\/\" data-type=\"page\" data-id=\"904\">LeoVegas<\/a> spelare kan kontakta supporten om de har n\u00e5gra fr\u00e5gor. De \u00e4r tillg\u00e4ngliga 24 timmar om dygnet, 7 dagar i veckan. <\/p>\n\n\n<div class=\"wp-block-image\">\n<figure class=\"aligncenter size-large\"><img loading=\"lazy\" width=\"1024\" height=\"512\" src=\"http:\/\/altguide.com\/wp-content\/uploads\/2022\/10\/leovegas-sv-support-1024x512.png\" alt=\"LeoVegas Support\" class=\"wp-image-999\" srcset=\"https:\/\/altguide.com\/wp-content\/uploads\/2022\/10\/leovegas-sv-support-1024x512.png 1024w, https:\/\/altguide.com\/wp-content\/uploads\/2022\/10\/leovegas-sv-support-300x150.png 300w, https:\/\/altguide.com\/wp-content\/uploads\/2022\/10\/leovegas-sv-support-768x384.png 768w, https:\/\/altguide.com\/wp-content\/uploads\/2022\/10\/leovegas-sv-support.png 1126w\" sizes=\"(max-width: 1024px) 100vw, 1024px\" title=\"\"><\/figure><\/div>\n\n\n<blockquote class=\"wp-block-quote\"><p>Det b\u00e4sta alternativet \u00e4r att bes\u00f6ka sidan Leo Vegas hj\u00e4lpcenter.<\/p><\/blockquote>\n\n\n\n<p>P\u00e5 den h\u00e4r sidan kan spelaren hitta alla svar. De vanligaste fr\u00e5gorna<\/p>\n\n\n\n<ul><li>Hur du tar ut vinster<\/li><li>\u00c5terst\u00e4llning av konton<\/li><li>Problem med pengar p\u00e5 kontot<\/li><li>Fr\u00e5gor om bonusar och g\u00e5vor<\/li><li>Sp\u00e4rrning av konton.<\/li><\/ul>\n\n\n\n<p>Alla fr\u00e5gor kategoriseras som sportspel, casino, live och andra.<\/p>\n\n\n\n<blockquote class=\"wp-block-quote\"><p>LeoVegas har ingen kundtj\u00e4nst via telefon.<\/p><\/blockquote>\n\n\n\n<p>Ett chattrum med support finns tillg\u00e4ngligt f\u00f6r spelarna. Beskriv ditt problem. En specialist \u00e5terkommer till dig s\u00e5 snart som m\u00f6jligt.<\/p>\n\n\n\n<blockquote class=\"wp-block-quote\"><p>Onlinechatt finns ocks\u00e5 tillg\u00e4nglig i mobilappen.<\/p><\/blockquote>\n\n\n\n<h2>E-mail<\/h2>\n\n\n\n<p>support-sv@leovegas.com<\/p>\n","protected":false},"excerpt":{"rendered":"<p>Registrerade LeoVegas spelare kan kontakta supporten om de har n\u00e5gra fr\u00e5gor. De \u00e4r tillg\u00e4ngliga 24 timmar om dygnet, 7 dagar i veckan. Det b\u00e4sta alternativet \u00e4r att bes\u00f6ka sidan Leo Vegas hj\u00e4lpcenter. P\u00e5 den h\u00e4r sidan kan spelaren hitta alla svar. De vanligaste fr\u00e5gorna Hur du tar ut vinster\u00c5terst\u00e4llning av kontonProblem med pengar p\u00e5 kontotFr\u00e5gor &hellip;<\/p>\n","protected":false},"author":1,"featured_media":0,"parent":0,"menu_order":0,"comment_status":"closed","ping_status":"closed","template":"","meta":{"inline_featured_image":false},"amp_enabled":true,"_links":{"self":[{"href":"https:\/\/altguide.com\/sv\/wp-json\/wp\/v2\/pages\/997"}],"collection":[{"href":"https:\/\/altguide.com\/sv\/wp-json\/wp\/v2\/pages"}],"about":[{"href":"https:\/\/altguide.com\/sv\/wp-json\/wp\/v2\/types\/page"}],"author":[{"embeddable":true,"href":"https:\/\/altguide.com\/sv\/wp-json\/wp\/v2\/users\/1"}],"replies":[{"embeddable":true,"href":"https:\/\/altguide.com\/sv\/wp-json\/wp\/v2\/comments?post=997"}],"version-history":[{"count":2,"href":"https:\/\/altguide.com\/sv\/wp-json\/wp\/v2\/pages\/997\/revisions"}],"predecessor-version":[{"id":1005,"href":"https:\/\/altguide.com\/sv\/wp-json\/wp\/v2\/pages\/997\/revisions\/1005"}],"wp:attachment":[{"href":"https:\/\/altguide.com\/sv\/wp-json\/wp\/v2\/media?parent=997"}],"curies":[{"name":"wp","href":"https:\/\/api.w.org\/{rel}","templated":true}]}}